{"id":944,"date":"2014-08-01T15:24:13","date_gmt":"2014-08-01T13:24:13","guid":{"rendered":"http:\/\/web134.srv3.sysproserver.de\/oglv-inneringen\/?page_id=944"},"modified":"2019-01-06T23:49:24","modified_gmt":"2019-01-06T21:49:24","slug":"2012-pflegemassnahmen-auf-dem-galgenbuehl","status":"publish","type":"page","link":"https:\/\/oglv-inneringen.de\/?page_id=944","title":{"rendered":"2012 Pflegema\u00dfnahmen &#8222;Galgenb\u00fchl&#8220;"},"content":{"rendered":"<p>Im Herbst 2012 begann der Verein nach Abstimmung mit der Naturschutzbeh\u00f6rde des Landratsamtes, den ersten von 3 Teilabschnitten auf dem Gebiet beim Galgenbh\u00fchl in insgesamt 90 Arbeitsstunden freizulegen.<br \/>\nNun ist nach weiteren 95 Arbeitsstunden die diesj\u00e4hrige Pflegema\u00dfnahme im 2. Abschnitt abgeschlossen.<br \/>\n14 Vereinsmitglieder, unter der Leitung von F\u00f6rster Roland Teufel, befreiten das Gel\u00e4nde von wuchernden Schleedorn- und Wei\u00dfdornhecken, um danach das Starkholz abzutragen.<br \/>\nDie Pflege des 3. und letzten Abschnnitts des ca. 3 ha gro\u00dfen Biotops erfolgt im n\u00e4chsten Herbst.<br \/>\nIm Anschlu\u00df an diese Ma\u00dfnahmen muss im gesamten Gebiet das Gras \u00fcber mehrere Jahre abgetragen werden, um den Nitrateintrag im Boden zu minimieren und den Magerrasen zu erhalten. Die zuk\u00fcnftige Pflege des Galgenb\u00fchls soll \u00fcber Schafbeweidung gew\u00e4hrleistet sein.<\/p>\nngg_shortcode_0_placeholder\n","protected":false},"excerpt":{"rendered":"<p>Im Herbst 2012 begann der Verein nach Abstimmung mit der Naturschutzbeh\u00f6rde des Landratsamtes, den ersten von 3 Teilabschnitten auf dem Gebiet beim Galgenbh\u00fchl in insgesamt 90 Arbeitsstunden freizulegen. Nun ist nach weiteren 95 Arbeitsstunden die diesj\u00e4hrige Pflegema\u00dfnahme im 2. Abschnitt abgeschlossen. 14 Vereinsmitglieder, unter der Leitung von F\u00f6rster Roland Teufel, befreiten das Gel\u00e4nde von wuchernden [&hellip;]<\/p>\n","protected":false},"author":1,"featured_media":0,"parent":918,"menu_order":0,"comment_status":"closed","ping_status":"closed","template":"","meta":{"ngg_post_thumbnail":0,"footnotes":""},"class_list":["post-944","page","type-page","status-publish","hentry"],"_links":{"self":[{"href":"https:\/\/oglv-inneringen.de\/index.php?rest_route=\/wp\/v2\/pages\/944","targetHints":{"allow":["GET"]}}],"collection":[{"href":"https:\/\/oglv-inneringen.de\/index.php?rest_route=\/wp\/v2\/pages"}],"about":[{"href":"https:\/\/oglv-inneringen.de\/index.php?rest_route=\/wp\/v2\/types\/page"}],"author":[{"embeddable":true,"href":"https:\/\/oglv-inneringen.de\/index.php?rest_route=\/wp\/v2\/users\/1"}],"replies":[{"embeddable":true,"href":"https:\/\/oglv-inneringen.de\/index.php?rest_route=%2Fwp%2Fv2%2Fcomments&post=944"}],"version-history":[{"count":6,"href":"https:\/\/oglv-inneringen.de\/index.php?rest_route=\/wp\/v2\/pages\/944\/revisions"}],"predecessor-version":[{"id":2020,"href":"https:\/\/oglv-inneringen.de\/index.php?rest_route=\/wp\/v2\/pages\/944\/revisions\/2020"}],"up":[{"embeddable":true,"href":"https:\/\/oglv-inneringen.de\/index.php?rest_route=\/wp\/v2\/pages\/918"}],"wp:attachment":[{"href":"https:\/\/oglv-inneringen.de\/index.php?rest_route=%2Fwp%2Fv2%2Fmedia&parent=944"}],"curies":[{"name":"wp","href":"https:\/\/api.w.org\/{rel}","templated":true}]}}