{"id":940,"date":"2014-08-01T15:18:51","date_gmt":"2014-08-01T13:18:51","guid":{"rendered":"http:\/\/web134.srv3.sysproserver.de\/oglv-inneringen\/?page_id=940"},"modified":"2018-09-21T19:12:43","modified_gmt":"2018-09-21T17:12:43","slug":"2014-umweltaktionstag-im-maerz","status":"publish","type":"page","link":"https:\/\/oglv-inneringen.de\/?page_id=940","title":{"rendered":"Umweltaktionstag 2014"},"content":{"rendered":"<p>Der Umweltaktionstag ist eine Veranstaltung der Stadt Hettingen.<br \/>\nIn Inneringen trafen sich ca. 40 Personen aus verschiedenen Vereinen, um an dieser Aktion mitzumachen.<\/p>\n<p>Die Mitglieder des OGLV haben an diesem Samstag an 3 verschiedenen Standorten Baum- und Heckenschnitte durchgef\u00fchrt.<br \/>\nAm Friedhof wurden alle Jahrgangsb\u00e4ume swie die Apfel- und Birnb\u00e4ume entlang der Zufahrt ausgeschnitten.<\/p>\n<p><a href=\"https:\/\/oglv-inneringen.de\/wp-content\/uploads\/2014\/08\/Putzede-15.03.14-002.jpg\"><img loading=\"lazy\" decoding=\"async\" class=\"alignnone size-medium wp-image-1537\" src=\"https:\/\/oglv-inneringen.de\/wp-content\/uploads\/2014\/08\/Putzede-15.03.14-002-300x225.jpg\" alt=\"\" width=\"300\" height=\"225\" srcset=\"https:\/\/oglv-inneringen.de\/wp-content\/uploads\/2014\/08\/Putzede-15.03.14-002-300x225.jpg 300w, https:\/\/oglv-inneringen.de\/wp-content\/uploads\/2014\/08\/Putzede-15.03.14-002-768x576.jpg 768w, https:\/\/oglv-inneringen.de\/wp-content\/uploads\/2014\/08\/Putzede-15.03.14-002.jpg 1024w, https:\/\/oglv-inneringen.de\/wp-content\/uploads\/2014\/08\/Putzede-15.03.14-002-624x468.jpg 624w\" sizes=\"auto, (max-width: 300px) 100vw, 300px\" \/><\/a><\/p>\n<p>Auch Edi Metzger und sein Oldtimer waren im Einsatz.<\/p>\n<p><a href=\"https:\/\/oglv-inneringen.de\/wp-content\/uploads\/2014\/08\/Putzede-15.03.14-005.jpg\"><img loading=\"lazy\" decoding=\"async\" class=\"alignnone size-medium wp-image-1547\" src=\"https:\/\/oglv-inneringen.de\/wp-content\/uploads\/2014\/08\/Putzede-15.03.14-005-300x225.jpg\" alt=\"\" width=\"300\" height=\"225\" srcset=\"https:\/\/oglv-inneringen.de\/wp-content\/uploads\/2014\/08\/Putzede-15.03.14-005-300x225.jpg 300w, https:\/\/oglv-inneringen.de\/wp-content\/uploads\/2014\/08\/Putzede-15.03.14-005-768x576.jpg 768w, https:\/\/oglv-inneringen.de\/wp-content\/uploads\/2014\/08\/Putzede-15.03.14-005.jpg 1024w, https:\/\/oglv-inneringen.de\/wp-content\/uploads\/2014\/08\/Putzede-15.03.14-005-624x468.jpg 624w\" sizes=\"auto, (max-width: 300px) 100vw, 300px\" \/><\/a><\/p>\n<p>Jung und Alt gemeinsam beim Aufr\u00e4umen.<\/p>\n<p>Zum Abschluss wurde gr\u00fcndlich gefegt.<\/p>\n<p>Der Kirchengarten war ein weiterer Einsatzort des Vereins.<\/p>\n<p>Die Obstb\u00e4ume hatten den R\u00fcckschnitt dringend n\u00f6tig.<\/p>\n<p>Paul Reiser gab den alten, knorrigen B\u00e4umen ein neues Gesicht.<\/p>\n<p>Zufriedene Gesichter nach abgeschlossener Baum- und Heckenpflege im Kirchengarten.<\/p>\n<p>Neben der Pflege des Rosengartens und der Kieswege rund um die Bergkapelle wurden auch die Obstb\u00e4ume geschnitten.<\/p>\n<p>Martin Teufel beim Baumschnitt entlang dem Zufahrtsweg.<\/p>\n<p>Alle H\u00e4nde voll zu tun und der Wind pfeifft hier drau\u00dfen auch nicht schlecht.<\/p>\n<p>Die M\u00e4nner mit dem schweren Ger\u00e4t waren eine gro\u00dfe HIlfe.<\/p>\n<p>Jede Menge Material musste abtransportiert werden,<\/p>\n<p>dabei kamen einige Traktoren zum Einsatz.<\/p>\n<p><a href=\"https:\/\/oglv-inneringen.de\/wp-content\/uploads\/2014\/08\/IMG_0696.jpg\"><img loading=\"lazy\" decoding=\"async\" class=\"alignnone size-medium wp-image-1549\" src=\"https:\/\/oglv-inneringen.de\/wp-content\/uploads\/2014\/08\/IMG_0696-300x143.jpg\" alt=\"\" width=\"300\" height=\"143\" srcset=\"https:\/\/oglv-inneringen.de\/wp-content\/uploads\/2014\/08\/IMG_0696-300x143.jpg 300w, https:\/\/oglv-inneringen.de\/wp-content\/uploads\/2014\/08\/IMG_0696-768x367.jpg 768w, https:\/\/oglv-inneringen.de\/wp-content\/uploads\/2014\/08\/IMG_0696.jpg 1024w, https:\/\/oglv-inneringen.de\/wp-content\/uploads\/2014\/08\/IMG_0696-624x298.jpg 624w\" sizes=\"auto, (max-width: 300px) 100vw, 300px\" \/><\/a><\/p>\n<p>Zum Abschluss eines gelungenen Umweltaktionstages gab es dann f\u00fcr alle Teilnehmer ein Vesper vor der Hermann &#8211; Fl\u00f6\u00df &#8211; H\u00fctte.<\/p>\n","protected":false},"excerpt":{"rendered":"<p>Der Umweltaktionstag ist eine Veranstaltung der Stadt Hettingen. In Inneringen trafen sich ca. 40 Personen aus verschiedenen Vereinen, um an dieser Aktion mitzumachen. Die Mitglieder des OGLV haben an diesem Samstag an 3 verschiedenen Standorten Baum- und Heckenschnitte durchgef\u00fchrt. Am Friedhof wurden alle Jahrgangsb\u00e4ume swie die Apfel- und Birnb\u00e4ume entlang der Zufahrt ausgeschnitten. Auch Edi [&hellip;]<\/p>\n","protected":false},"author":1,"featured_media":0,"parent":930,"menu_order":10,"comment_status":"closed","ping_status":"closed","template":"","meta":{"ngg_post_thumbnail":0,"footnotes":""},"class_list":["post-940","page","type-page","status-publish","hentry"],"_links":{"self":[{"href":"https:\/\/oglv-inneringen.de\/index.php?rest_route=\/wp\/v2\/pages\/940","targetHints":{"allow":["GET"]}}],"collection":[{"href":"https:\/\/oglv-inneringen.de\/index.php?rest_route=\/wp\/v2\/pages"}],"about":[{"href":"https:\/\/oglv-inneringen.de\/index.php?rest_route=\/wp\/v2\/types\/page"}],"author":[{"embeddable":true,"href":"https:\/\/oglv-inneringen.de\/index.php?rest_route=\/wp\/v2\/users\/1"}],"replies":[{"embeddable":true,"href":"https:\/\/oglv-inneringen.de\/index.php?rest_route=%2Fwp%2Fv2%2Fcomments&post=940"}],"version-history":[{"count":6,"href":"https:\/\/oglv-inneringen.de\/index.php?rest_route=\/wp\/v2\/pages\/940\/revisions"}],"predecessor-version":[{"id":1550,"href":"https:\/\/oglv-inneringen.de\/index.php?rest_route=\/wp\/v2\/pages\/940\/revisions\/1550"}],"up":[{"embeddable":true,"href":"https:\/\/oglv-inneringen.de\/index.php?rest_route=\/wp\/v2\/pages\/930"}],"wp:attachment":[{"href":"https:\/\/oglv-inneringen.de\/index.php?rest_route=%2Fwp%2Fv2%2Fmedia&parent=940"}],"curies":[{"name":"wp","href":"https:\/\/api.w.org\/{rel}","templated":true}]}}