{"id":935,"date":"2014-08-01T15:16:02","date_gmt":"2014-08-01T13:16:02","guid":{"rendered":"http:\/\/web134.srv3.sysproserver.de\/oglv-inneringen\/?page_id=935"},"modified":"2014-08-01T15:16:02","modified_gmt":"2014-08-01T13:16:02","slug":"2014-aufbau-des-kroetenzauns-an-der-woehrde","status":"publish","type":"page","link":"https:\/\/oglv-inneringen.de\/?page_id=935","title":{"rendered":"2014 Aufbau des Kr\u00f6tenzauns an der W\u00f6hrde"},"content":{"rendered":"<p>Am Samstag, 22.03.2014 musste entlang der Hauptstra\u00dfe, gegen\u00fcber der W\u00f6hrde, der Kr\u00f6tenzaun aufgebaut und die Unterf\u00fchrung von Laub und Gestr\u00fcpp befreit werden.<\/p>\n<p>Einige tatkr\u00e4ftige Jungs fanden sich ein, um gemeinsam den Draht auszurollen und aufzustecken.<\/p>\n<p>Schere und Hammer wurden zun\u00e4chst d\u00fcnne Weidenstecken geschnitten, um damit den Draht am Boden zu befestigen.<\/p>\n<p>Mit viel Freude waren die Jungs trotz kaltem Wetter bei der Arbeit.<\/p>\n<p>Das leibliche Wohl durfte nat\u00fcrlich auch nicht zu kurz kommen!<\/p>\n<p>Mit Brezeln, Pfefferbei\u00dfer, Gummib\u00e4rle und Fanta war dies eine gelungene Aufbauaktion.<\/p>\n","protected":false},"excerpt":{"rendered":"<p>Am Samstag, 22.03.2014 musste entlang der Hauptstra\u00dfe, gegen\u00fcber der W\u00f6hrde, der Kr\u00f6tenzaun aufgebaut und die Unterf\u00fchrung von Laub und Gestr\u00fcpp befreit werden. Einige tatkr\u00e4ftige Jungs fanden sich ein, um gemeinsam den Draht auszurollen und aufzustecken. Schere und Hammer wurden zun\u00e4chst d\u00fcnne Weidenstecken geschnitten, um damit den Draht am Boden zu befestigen. Mit viel Freude waren [&hellip;]<\/p>\n","protected":false},"author":1,"featured_media":0,"parent":930,"menu_order":0,"comment_status":"open","ping_status":"open","template":"","meta":{"ngg_post_thumbnail":0,"footnotes":""},"class_list":["post-935","page","type-page","status-publish","hentry"],"_links":{"self":[{"href":"https:\/\/oglv-inneringen.de\/index.php?rest_route=\/wp\/v2\/pages\/935","targetHints":{"allow":["GET"]}}],"collection":[{"href":"https:\/\/oglv-inneringen.de\/index.php?rest_route=\/wp\/v2\/pages"}],"about":[{"href":"https:\/\/oglv-inneringen.de\/index.php?rest_route=\/wp\/v2\/types\/page"}],"author":[{"embeddable":true,"href":"https:\/\/oglv-inneringen.de\/index.php?rest_route=\/wp\/v2\/users\/1"}],"replies":[{"embeddable":true,"href":"https:\/\/oglv-inneringen.de\/index.php?rest_route=%2Fwp%2Fv2%2Fcomments&post=935"}],"version-history":[{"count":1,"href":"https:\/\/oglv-inneringen.de\/index.php?rest_route=\/wp\/v2\/pages\/935\/revisions"}],"predecessor-version":[{"id":937,"href":"https:\/\/oglv-inneringen.de\/index.php?rest_route=\/wp\/v2\/pages\/935\/revisions\/937"}],"up":[{"embeddable":true,"href":"https:\/\/oglv-inneringen.de\/index.php?rest_route=\/wp\/v2\/pages\/930"}],"wp:attachment":[{"href":"https:\/\/oglv-inneringen.de\/index.php?rest_route=%2Fwp%2Fv2%2Fmedia&parent=935"}],"curies":[{"name":"wp","href":"https:\/\/api.w.org\/{rel}","templated":true}]}}