{"id":933,"date":"2014-08-01T15:14:51","date_gmt":"2014-08-01T13:14:51","guid":{"rendered":"http:\/\/web134.srv3.sysproserver.de\/oglv-inneringen\/?page_id=933"},"modified":"2019-01-07T00:18:12","modified_gmt":"2019-01-06T22:18:12","slug":"2013-jahresausflug","status":"publish","type":"page","link":"https:\/\/oglv-inneringen.de\/?page_id=933","title":{"rendered":"Jahresausflug auf die Insel Mainau"},"content":{"rendered":"<p>Am Samstag, den 22. Juni 2013 startete unser Bus mit 35 Personen bei Regen in Inneringen zum diesj\u00e4hrigen Ausflug auf die Insel Mainau. Schon auf dem Schiff kl\u00e4rte der Himmel auf und bescherte uns einen sonnigen, doch nicht zu warmen Tag auf der Insel. Unter dem Motto &#8222;Verwunschen und verzaubert&#8220; f\u00fchrte uns eine kundige F\u00fchrerin rund um die Insel.<\/p>\n<p>Neben den bekannten Sehensw\u00fcrdigkeiten, wie die reich bl\u00fchenden Rosen-, Stauden- und Brunneng\u00e4rten, die riesigen Mammutb\u00e4ume oder auch die goldene Wassertreppe sind in diesem Jahr unter dem Motto &#8222;Verwunschen und Verzaubert&#8220; 4 Themeng\u00e4rten zu besichtigen, welche den Besucher in ganz eigene Gartenwelten eintauchen lassen.<\/p>\n<p>W\u00e4hrend der eineinhalb-st\u00fcndigen F\u00fchrung lie\u00dfen wir uns zun\u00e4chst in der &#8222;Welt der Feen&#8220; in einen bl\u00fchenden Zaubergarten entf\u00fchren, der neben Glassteinen und hell klingenden Glockenspielen auch einen rosaroten Traumbaum beherbergt.<\/p>\n<p>In der &#8222;Welt der Riesen und Zwerge&#8220; waren danach zwei identische G\u00e4rten im Zergen- und Riesenformat zu bewundern.<\/p>\n<p>W\u00e4hrend die &#8222;Welt der Geister&#8220; mit Spiegelfiguren in nebelverhangenen Bachl\u00e4ufen und fremdartigen, drachenzahn\u00e4hnlichen Pilzgew\u00e4chsen bestach, wurde man in die &#8222;Welt der Hexen und Zauberer&#8220; mit den Worten: &#8222;Tritt ein, wenn Du Dich traust&#8220; eingeladen und konnte dort neben der Hexenk\u00fcche auch die f\u00fcr die Zaubertr\u00e4nke notwendigen Kr\u00e4uter bestaunen.<\/p>\n<p>Im Anschluss an die F\u00fchrung hatte ein jeder noch gen\u00fcgend Zeit, die Insel auf eigene Faust zu erkunden, bis uns der Bus am Abend nach H\u00fcttenreute brachte, zum gemeinsamen, gem\u00fctlichen Ausklang im Landgasthof Hirsch.<\/p>\nngg_shortcode_0_placeholder\n","protected":false},"excerpt":{"rendered":"<p>Am Samstag, den 22. Juni 2013 startete unser Bus mit 35 Personen bei Regen in Inneringen zum diesj\u00e4hrigen Ausflug auf die Insel Mainau. Schon auf dem Schiff kl\u00e4rte der Himmel auf und bescherte uns einen sonnigen, doch nicht zu warmen Tag auf der Insel. Unter dem Motto &#8222;Verwunschen und verzaubert&#8220; f\u00fchrte uns eine kundige F\u00fchrerin [&hellip;]<\/p>\n","protected":false},"author":1,"featured_media":0,"parent":920,"menu_order":20,"comment_status":"closed","ping_status":"closed","template":"","meta":{"ngg_post_thumbnail":0,"footnotes":""},"class_list":["post-933","page","type-page","status-publish","hentry"],"_links":{"self":[{"href":"https:\/\/oglv-inneringen.de\/index.php?rest_route=\/wp\/v2\/pages\/933","targetHints":{"allow":["GET"]}}],"collection":[{"href":"https:\/\/oglv-inneringen.de\/index.php?rest_route=\/wp\/v2\/pages"}],"about":[{"href":"https:\/\/oglv-inneringen.de\/index.php?rest_route=\/wp\/v2\/types\/page"}],"author":[{"embeddable":true,"href":"https:\/\/oglv-inneringen.de\/index.php?rest_route=\/wp\/v2\/users\/1"}],"replies":[{"embeddable":true,"href":"https:\/\/oglv-inneringen.de\/index.php?rest_route=%2Fwp%2Fv2%2Fcomments&post=933"}],"version-history":[{"count":5,"href":"https:\/\/oglv-inneringen.de\/index.php?rest_route=\/wp\/v2\/pages\/933\/revisions"}],"predecessor-version":[{"id":2050,"href":"https:\/\/oglv-inneringen.de\/index.php?rest_route=\/wp\/v2\/pages\/933\/revisions\/2050"}],"up":[{"embeddable":true,"href":"https:\/\/oglv-inneringen.de\/index.php?rest_route=\/wp\/v2\/pages\/920"}],"wp:attachment":[{"href":"https:\/\/oglv-inneringen.de\/index.php?rest_route=%2Fwp%2Fv2%2Fmedia&parent=933"}],"curies":[{"name":"wp","href":"https:\/\/api.w.org\/{rel}","templated":true}]}}