{"id":9,"date":"2013-05-25T09:29:39","date_gmt":"2013-05-25T07:29:39","guid":{"rendered":"http:\/\/obst-gartenbau.bplaced.net\/wordpress\/?page_id=9"},"modified":"2018-09-12T08:48:34","modified_gmt":"2018-09-12T06:48:34","slug":"der-verein","status":"publish","type":"page","link":"https:\/\/oglv-inneringen.de\/?page_id=9","title":{"rendered":"Der Verein"},"content":{"rendered":"<p>&nbsp;<\/p>\n<p><span style=\"font-family: verdana,geneva; font-size: 16px;\">Seit seiner Gr\u00fcndung im Jahr 1908 hat sich der OGLV Inneringen vom reinen Obstbauverein zum Garten- und&nbsp; Landschaftsverein gewandelt. <\/span><\/p>\n<p>&nbsp;<\/p>\n<p><span style=\"font-family: verdana,geneva; font-size: 16px;\">Der Verein hat derzeit 130 Mitglieder, seine Aufgaben bestehen in <\/span><\/p>\n<ul>\n<li><span style=\"font-family: verdana,geneva; font-size: 16px;\">der Landschaftspflege<\/span><\/li>\n<li><span style=\"font-family: verdana,geneva; font-size: 16px;\">der F\u00f6rderung der Gartenkultur im Dorf<\/span><\/li>\n<li><span style=\"font-family: verdana,geneva; font-size: 16px;\">der Dorfversch\u00f6nerung und Heimatpflege<\/span><\/li>\n<li><span style=\"font-family: verdana,geneva; font-size: 16px;\">der Erhaltung der \u00f6rtlichen Kulturdenkm\u00e4ler<\/span><\/li>\n<\/ul>\n<p>&nbsp;<\/p>\n<p>&nbsp;<\/p>\n<p>&nbsp;<\/p>\n<p>&nbsp;<\/p>\n<p>&nbsp;<\/p>\n","protected":false},"excerpt":{"rendered":"<p>&nbsp; Seit seiner Gr\u00fcndung im Jahr 1908 hat sich der OGLV Inneringen vom reinen Obstbauverein zum Garten- und&nbsp; Landschaftsverein gewandelt. &nbsp; Der Verein hat derzeit 130 Mitglieder, seine Aufgaben bestehen in der Landschaftspflege der F\u00f6rderung der Gartenkultur im Dorf der Dorfversch\u00f6nerung und Heimatpflege der Erhaltung der \u00f6rtlichen Kulturdenkm\u00e4ler &nbsp; &nbsp; &nbsp; &nbsp; &nbsp;<\/p>\n","protected":false},"author":1,"featured_media":0,"parent":0,"menu_order":20,"comment_status":"closed","ping_status":"closed","template":"","meta":{"ngg_post_thumbnail":0,"footnotes":""},"class_list":["post-9","page","type-page","status-publish","hentry"],"_links":{"self":[{"href":"https:\/\/oglv-inneringen.de\/index.php?rest_route=\/wp\/v2\/pages\/9","targetHints":{"allow":["GET"]}}],"collection":[{"href":"https:\/\/oglv-inneringen.de\/index.php?rest_route=\/wp\/v2\/pages"}],"about":[{"href":"https:\/\/oglv-inneringen.de\/index.php?rest_route=\/wp\/v2\/types\/page"}],"author":[{"embeddable":true,"href":"https:\/\/oglv-inneringen.de\/index.php?rest_route=\/wp\/v2\/users\/1"}],"replies":[{"embeddable":true,"href":"https:\/\/oglv-inneringen.de\/index.php?rest_route=%2Fwp%2Fv2%2Fcomments&post=9"}],"version-history":[{"count":2,"href":"https:\/\/oglv-inneringen.de\/index.php?rest_route=\/wp\/v2\/pages\/9\/revisions"}],"predecessor-version":[{"id":1524,"href":"https:\/\/oglv-inneringen.de\/index.php?rest_route=\/wp\/v2\/pages\/9\/revisions\/1524"}],"wp:attachment":[{"href":"https:\/\/oglv-inneringen.de\/index.php?rest_route=%2Fwp%2Fv2%2Fmedia&parent=9"}],"curies":[{"name":"wp","href":"https:\/\/api.w.org\/{rel}","templated":true}]}}