{"id":864,"date":"2014-08-01T14:01:35","date_gmt":"2014-08-01T12:01:35","guid":{"rendered":"http:\/\/web134.srv3.sysproserver.de\/oglv-inneringen\/?page_id=864"},"modified":"2018-09-12T08:50:32","modified_gmt":"2018-09-12T06:50:32","slug":"aktivitaeten","status":"publish","type":"page","link":"https:\/\/oglv-inneringen.de\/?page_id=864","title":{"rendered":"Unserer Aktivit\u00e4ten"},"content":{"rendered":"<p>Aktivit\u00e4ten der letzen Jahre:<\/p>\n<p>&nbsp;<\/p>\n<ul>\n<li>Gestaltung der Au\u00dfenalage des Wasserturms<\/li>\n<li>Bepflanzung der Au\u00dfenanlage der Turnhalle, des Kindergartens und der neuen Sportanlage<\/li>\n<li>Renovierung, Erhaltung und Dokumentation von Kleindenkmalen auf der Gemarkung Inneringen<\/li>\n<li>Landschaftspflege:<\/li>\n<\/ul>\n<p>&#8211;&nbsp; Anlage und Pflege von Windschutzstreifen und Alleeb\u00e4umen<\/p>\n<p>&#8211;&nbsp; Bepflanzung von Wegkreuzungen mit Hecken und B\u00e4umen<\/p>\n<p>&nbsp;<\/p>\n<p>&nbsp;<\/p>\n<p>&nbsp;<\/p>\n<p>&nbsp;<\/p>\n","protected":false},"excerpt":{"rendered":"<p>Aktivit\u00e4ten der letzen Jahre: &nbsp; Gestaltung der Au\u00dfenalage des Wasserturms Bepflanzung der Au\u00dfenanlage der Turnhalle, des Kindergartens und der neuen Sportanlage Renovierung, Erhaltung und Dokumentation von Kleindenkmalen auf der Gemarkung Inneringen Landschaftspflege: &#8211;&nbsp; Anlage und Pflege von Windschutzstreifen und Alleeb\u00e4umen &#8211;&nbsp; Bepflanzung von Wegkreuzungen mit Hecken und B\u00e4umen &nbsp; &nbsp; &nbsp; &nbsp;<\/p>\n","protected":false},"author":1,"featured_media":0,"parent":0,"menu_order":29,"comment_status":"closed","ping_status":"closed","template":"","meta":{"ngg_post_thumbnail":0,"footnotes":""},"class_list":["post-864","page","type-page","status-publish","hentry"],"_links":{"self":[{"href":"https:\/\/oglv-inneringen.de\/index.php?rest_route=\/wp\/v2\/pages\/864","targetHints":{"allow":["GET"]}}],"collection":[{"href":"https:\/\/oglv-inneringen.de\/index.php?rest_route=\/wp\/v2\/pages"}],"about":[{"href":"https:\/\/oglv-inneringen.de\/index.php?rest_route=\/wp\/v2\/types\/page"}],"author":[{"embeddable":true,"href":"https:\/\/oglv-inneringen.de\/index.php?rest_route=\/wp\/v2\/users\/1"}],"replies":[{"embeddable":true,"href":"https:\/\/oglv-inneringen.de\/index.php?rest_route=%2Fwp%2Fv2%2Fcomments&post=864"}],"version-history":[{"count":8,"href":"https:\/\/oglv-inneringen.de\/index.php?rest_route=\/wp\/v2\/pages\/864\/revisions"}],"predecessor-version":[{"id":1531,"href":"https:\/\/oglv-inneringen.de\/index.php?rest_route=\/wp\/v2\/pages\/864\/revisions\/1531"}],"wp:attachment":[{"href":"https:\/\/oglv-inneringen.de\/index.php?rest_route=%2Fwp%2Fv2%2Fmedia&parent=864"}],"curies":[{"name":"wp","href":"https:\/\/api.w.org\/{rel}","templated":true}]}}