{"id":72,"date":"2013-05-25T13:25:01","date_gmt":"2013-05-25T11:25:01","guid":{"rendered":"http:\/\/obst-gartenbau.bplaced.net\/wordpress\/?page_id=72"},"modified":"2018-09-12T08:50:20","modified_gmt":"2018-09-12T06:50:20","slug":"angebote-fur-mitglieder","status":"publish","type":"page","link":"https:\/\/oglv-inneringen.de\/?page_id=72","title":{"rendered":"Angebote f\u00fcr Mitglieder"},"content":{"rendered":"<ul>\n<li><span style=\"font-family: verdana,geneva; font-size: 16px;\">Vortragsveranstaltungen<\/span><\/li>\n<li><span style=\"font-family: verdana,geneva; font-size: 16px;\">Wanderungen <\/span><\/li>\n<li><span style=\"font-family: verdana,geneva; font-size: 16px;\">Lehrfahrten und Ausfl\u00fcge<\/span><\/li>\n<li><span style=\"font-family: verdana,geneva; font-size: 16px;\">Fachveranstaltungen, z.B. Schnittkurse f\u00fcr Obstb\u00e4ume und Beerenstr\u00e4ucher<\/span><\/li>\n<li><span style=\"font-family: verdana,geneva; font-size: 16px;\">Einkaufsvorteile \u00fcber die Mitgliedskarte bei den Gartenbaubetrieben in der Umgebung<\/span><\/li>\n<\/ul>\n<p>&nbsp;<\/p>\n<p>&nbsp;<\/p>\n<p>&nbsp;<\/p>\n<p>&nbsp;<\/p>\n<p>&nbsp;<\/p>\n<p>&nbsp;<\/p>\n","protected":false},"excerpt":{"rendered":"<p>Vortragsveranstaltungen Wanderungen Lehrfahrten und Ausfl\u00fcge Fachveranstaltungen, z.B. Schnittkurse f\u00fcr Obstb\u00e4ume und Beerenstr\u00e4ucher Einkaufsvorteile \u00fcber die Mitgliedskarte bei den Gartenbaubetrieben in der Umgebung &nbsp; &nbsp; &nbsp; &nbsp; &nbsp; &nbsp;<\/p>\n","protected":false},"author":1,"featured_media":0,"parent":9,"menu_order":30,"comment_status":"closed","ping_status":"closed","template":"","meta":{"ngg_post_thumbnail":0,"footnotes":""},"class_list":["post-72","page","type-page","status-publish","hentry"],"_links":{"self":[{"href":"https:\/\/oglv-inneringen.de\/index.php?rest_route=\/wp\/v2\/pages\/72","targetHints":{"allow":["GET"]}}],"collection":[{"href":"https:\/\/oglv-inneringen.de\/index.php?rest_route=\/wp\/v2\/pages"}],"about":[{"href":"https:\/\/oglv-inneringen.de\/index.php?rest_route=\/wp\/v2\/types\/page"}],"author":[{"embeddable":true,"href":"https:\/\/oglv-inneringen.de\/index.php?rest_route=\/wp\/v2\/users\/1"}],"replies":[{"embeddable":true,"href":"https:\/\/oglv-inneringen.de\/index.php?rest_route=%2Fwp%2Fv2%2Fcomments&post=72"}],"version-history":[{"count":2,"href":"https:\/\/oglv-inneringen.de\/index.php?rest_route=\/wp\/v2\/pages\/72\/revisions"}],"predecessor-version":[{"id":1530,"href":"https:\/\/oglv-inneringen.de\/index.php?rest_route=\/wp\/v2\/pages\/72\/revisions\/1530"}],"up":[{"embeddable":true,"href":"https:\/\/oglv-inneringen.de\/index.php?rest_route=\/wp\/v2\/pages\/9"}],"wp:attachment":[{"href":"https:\/\/oglv-inneringen.de\/index.php?rest_route=%2Fwp%2Fv2%2Fmedia&parent=72"}],"curies":[{"name":"wp","href":"https:\/\/api.w.org\/{rel}","templated":true}]}}