{"id":7,"date":"2013-05-24T20:47:09","date_gmt":"2013-05-24T18:47:09","guid":{"rendered":"http:\/\/obst-gartenbau.bplaced.net\/wordpress\/?page_id=7"},"modified":"2018-09-12T08:32:30","modified_gmt":"2018-09-12T06:32:30","slug":"datenschutz","status":"publish","type":"page","link":"https:\/\/oglv-inneringen.de\/?page_id=7","title":{"rendered":"Datenschutz"},"content":{"rendered":"<p><span style=\"font-size: 14px; font-family: helvetica;\">Die Nutzung unserer Webseite ist in der Regel <span style=\"background-color: white;\"><b>ohne Angabe<\/b> personenbezogener Daten<\/span> m\u00f6glich. Soweit auf unseren Seiten personenbezogene Daten (beispielsweise Name, Anschrift oder eMail-Adressen) erhoben werden, erfolgt dies, soweit m\u00f6glich, stets auf freiwilliger Basis. Diese Daten werden ohne Ihre ausdr\u00fcckliche Zustimmung nicht an Dritte weitergegeben!<\/span><\/p>\n<p><span style=\"font-size: 14px; font-family: helvetica;\">Wir weisen darauf hin, dass die Daten\u00fcbertragung im Internet (z.B. bei der Kommunikation per eMail) Sicherheitsl\u00fccken aufweisen kann. Ein l\u00fcckenloser Schutz der Daten vor dem Zugriff durch Dritte ist nicht m\u00f6glich.<\/span><\/p>\n<p><span style=\"font-size: 14px; font-family: helvetica;\">Der Nutzung von im Rahmen der Impressumspflicht ver\u00f6ffentlichten Kontaktdaten oder Daten der Vereins-Mitglieder durch Dritte zur \u00dcbersendung von nicht ausdr\u00fccklich angeforderter Werbung und Informationsmaterialien wird hiermit<b> ausdr\u00fccklich widersprochen<\/b>.<\/span><br \/>\n<span style=\"font-size: 14px; font-family: helvetica;\">Der Betreiber der Seiten beh\u00e4lt sich ausdr\u00fccklich rechtliche Schritte im Falle der unverlangten Zusendung von Werbeinformationen, etwa durch Spam-Mails, vor.<\/span><\/p>\n<p><b><span style=\"font-size: 14px; font-family: helvetica;\">Infos zur \u201cLike-Problematik\u201d<\/span><\/b><br \/>\n<span style=\"font-size: 14px; font-family: helvetica;\">Immer mehr Web-Seiten binden die sog. \u201cGef\u00e4llt-Mir-Buttons\u201d von Facebook, Google+, Twitter oder anderen \u201cSozialen Netzwerken\u201d ein; so auch hier auf diesem Blog.<\/span><\/p>\n<p><span style=\"font-size: 14px; font-family: helvetica;\"> Allerdings werden m\u00f6glicherweise durch diese Buttons schon beim Laden der Seite \u2013 also ganz ohne dass der Anwender etwas dazu tut \u2013 Daten an die Betreiber der Netzwerkplattformen \u00fcbertragen. Diese enthalten m\u00f6glicherweise neben der URL der aktuellen Seite unter anderem eine Kennung, die zumindest bei dort angemeldeten Nutzern direkt mit einer Person verkn\u00fcpft ist. <\/span><br \/>\n<span style=\"font-size: 14px; font-family: helvetica;\"><b>Hinweis:<\/b><br \/>\nNicht immer ist klar, welche Daten seitens der Plattform-Betreiber erhoben, verarbeitet und genutzt werden. Die Plattform-Betreiber k\u00f6nnten also komplette Surfprofile ihrer Nutzer erstellen. <\/span><\/p>\n<p><span style=\"font-size: 14px; font-family: helvetica;\"><strong>Beachten<\/strong> Sie auch die Informationen auf der Seite \u201c<a title=\"Impressum\" href=\"https:\/\/oglv-inneringen.de\/?page_id=309\"><strong>Impressum<\/strong><\/a>\u201c<\/span><\/p>\n<p>_______<br \/>\n<span style=\"font-size: 12px; font-family: helvetica;\"><b>Bitte beachten:<\/b><\/span><\/p>\n<p><span style=\"font-size: 12px; font-family: helvetica;\"><span style=\"font-size: 12px;\"> \u201cLike\u201d-Button bzw. \u201cGef\u00e4llt mir\u201d-Schaltfl\u00e4che ist nicht nur technisches Werkzeug sondern gleichzeitig auch als \u201cFacebook-Marke\u201d eingetragen. Siehe auch:<a title=\"Nutzungsgenehmigung und Markengenehmigungen von Facebook\" href=\"https:\/\/www.facebook.com\/brandpermissions\/logos.php\" data-blogger-escaped-target=\"_blank\"> https:\/\/www.facebook.com\/brandpermissions\/logos.php<\/a><\/span><\/span><\/p>\n","protected":false},"excerpt":{"rendered":"<p>Die Nutzung unserer Webseite ist in der Regel ohne Angabe personenbezogener Daten m\u00f6glich. Soweit auf unseren Seiten personenbezogene Daten (beispielsweise Name, Anschrift oder eMail-Adressen) erhoben werden, erfolgt dies, soweit m\u00f6glich, stets auf freiwilliger Basis. Diese Daten werden ohne Ihre ausdr\u00fcckliche Zustimmung nicht an Dritte weitergegeben! Wir weisen darauf hin, dass die Daten\u00fcbertragung im Internet (z.B. [&hellip;]<\/p>\n","protected":false},"author":1,"featured_media":0,"parent":16,"menu_order":0,"comment_status":"closed","ping_status":"closed","template":"","meta":{"ngg_post_thumbnail":0,"footnotes":""},"class_list":["post-7","page","type-page","status-publish","hentry"],"_links":{"self":[{"href":"https:\/\/oglv-inneringen.de\/index.php?rest_route=\/wp\/v2\/pages\/7","targetHints":{"allow":["GET"]}}],"collection":[{"href":"https:\/\/oglv-inneringen.de\/index.php?rest_route=\/wp\/v2\/pages"}],"about":[{"href":"https:\/\/oglv-inneringen.de\/index.php?rest_route=\/wp\/v2\/types\/page"}],"author":[{"embeddable":true,"href":"https:\/\/oglv-inneringen.de\/index.php?rest_route=\/wp\/v2\/users\/1"}],"replies":[{"embeddable":true,"href":"https:\/\/oglv-inneringen.de\/index.php?rest_route=%2Fwp%2Fv2%2Fcomments&post=7"}],"version-history":[{"count":3,"href":"https:\/\/oglv-inneringen.de\/index.php?rest_route=\/wp\/v2\/pages\/7\/revisions"}],"predecessor-version":[{"id":1521,"href":"https:\/\/oglv-inneringen.de\/index.php?rest_route=\/wp\/v2\/pages\/7\/revisions\/1521"}],"up":[{"embeddable":true,"href":"https:\/\/oglv-inneringen.de\/index.php?rest_route=\/wp\/v2\/pages\/16"}],"wp:attachment":[{"href":"https:\/\/oglv-inneringen.de\/index.php?rest_route=%2Fwp%2Fv2%2Fmedia&parent=7"}],"curies":[{"name":"wp","href":"https:\/\/api.w.org\/{rel}","templated":true}]}}