{"id":45,"date":"2013-05-25T12:52:52","date_gmt":"2013-05-25T10:52:52","guid":{"rendered":"http:\/\/obst-gartenbau.bplaced.net\/wordpress\/?page_id=45"},"modified":"2025-03-24T15:35:26","modified_gmt":"2025-03-24T13:35:26","slug":"termine","status":"publish","type":"page","link":"https:\/\/oglv-inneringen.de\/?page_id=45","title":{"rendered":"Termine"},"content":{"rendered":"<p><span style=\"font-size: 14px;\"><br \/>\n<strong>30.12.2022, 09.30 Uhr<\/strong><br \/>\nWinterwanderung<br \/>\n<\/span><\/p>\n<p style=\"text-align: left;\"><span style=\"font-size: 14px;\">&nbsp;<\/span><strong>06.05<\/strong>.<span style=\"font-size: 14px;\"><strong> und 07.05.2023<\/strong><\/span><br \/>\n<span style=\"font-size: 14px;\">Dorfhockete und \u00c4lblermarkt<br \/>\nAufbau der Markth\u00fctte: Freitag,17.05. ab 17.30 Uhr<\/span><\/p>\n<p><span style=\"font-size: 14px;\"><strong>30.06.2024, 11.00 Uhr:<br \/>\n<\/strong>Er\u00f6ffnung der Aussichtsplattform am Wasserturm in Inneringen<strong><br \/>\n<\/strong><\/span><\/p>\n<p><strong>29.03.2025 um 19.30 Uhr:&nbsp; <\/strong>Jahreshauptversammlung&nbsp;im TSV Heim<strong><br \/>\n<\/strong><\/p>\n<p><strong>18.05.2025:&nbsp;&nbsp;<\/strong>\u00c4lblermarkt in Inneringen<\/p>\n<p>&nbsp;<\/p>\n<p>&nbsp;<\/p>\n<p>&nbsp;<\/p>\n<p>&nbsp;<\/p>\n<p>&nbsp;<\/p>\n<p><span style=\"font-size: 14px;\">&nbsp;.<\/span><\/p>\n","protected":false},"excerpt":{"rendered":"<p>30.12.2022, 09.30 Uhr Winterwanderung &nbsp;06.05. und 07.05.2023 Dorfhockete und \u00c4lblermarkt Aufbau der Markth\u00fctte: Freitag,17.05. ab 17.30 Uhr 30.06.2024, 11.00 Uhr: Er\u00f6ffnung der Aussichtsplattform am Wasserturm in Inneringen 29.03.2025 um 19.30 Uhr:&nbsp; Jahreshauptversammlung&nbsp;im TSV Heim 18.05.2025:&nbsp;&nbsp;\u00c4lblermarkt in Inneringen &nbsp; &nbsp; &nbsp; &nbsp; &nbsp; &nbsp;.<\/p>\n","protected":false},"author":1,"featured_media":0,"parent":0,"menu_order":40,"comment_status":"closed","ping_status":"closed","template":"","meta":{"ngg_post_thumbnail":0,"footnotes":""},"class_list":["post-45","page","type-page","status-publish","hentry"],"_links":{"self":[{"href":"https:\/\/oglv-inneringen.de\/index.php?rest_route=\/wp\/v2\/pages\/45","targetHints":{"allow":["GET"]}}],"collection":[{"href":"https:\/\/oglv-inneringen.de\/index.php?rest_route=\/wp\/v2\/pages"}],"about":[{"href":"https:\/\/oglv-inneringen.de\/index.php?rest_route=\/wp\/v2\/types\/page"}],"author":[{"embeddable":true,"href":"https:\/\/oglv-inneringen.de\/index.php?rest_route=\/wp\/v2\/users\/1"}],"replies":[{"embeddable":true,"href":"https:\/\/oglv-inneringen.de\/index.php?rest_route=%2Fwp%2Fv2%2Fcomments&post=45"}],"version-history":[{"count":27,"href":"https:\/\/oglv-inneringen.de\/index.php?rest_route=\/wp\/v2\/pages\/45\/revisions"}],"predecessor-version":[{"id":3052,"href":"https:\/\/oglv-inneringen.de\/index.php?rest_route=\/wp\/v2\/pages\/45\/revisions\/3052"}],"wp:attachment":[{"href":"https:\/\/oglv-inneringen.de\/index.php?rest_route=%2Fwp%2Fv2%2Fmedia&parent=45"}],"curies":[{"name":"wp","href":"https:\/\/api.w.org\/{rel}","templated":true}]}}