{"id":1507,"date":"2018-09-11T13:58:03","date_gmt":"2018-09-11T11:58:03","guid":{"rendered":"http:\/\/oglv-inneringen.de\/?page_id=1507"},"modified":"2018-09-24T17:10:00","modified_gmt":"2018-09-24T15:10:00","slug":"tag-der-offenen-gartentuer","status":"publish","type":"page","link":"https:\/\/oglv-inneringen.de\/?page_id=1507","title":{"rendered":"Tag der offenen Gartent\u00fcr"},"content":{"rendered":"<p>Am 28. Juni 2015 fand der Tag der offenen Gartent\u00fcr statt, wo auch in Inneringen 12 G\u00e4rten zu besichtigen waren.<\/p>\n<p>Garten von Anita und Thomas Baier<\/p>\n<p><a href=\"https:\/\/oglv-inneringen.de\/wp-content\/uploads\/2018\/09\/P1020346.jpg\"><img loading=\"lazy\" decoding=\"async\" class=\"alignnone size-medium wp-image-1582\" src=\"https:\/\/oglv-inneringen.de\/wp-content\/uploads\/2018\/09\/P1020346-225x300.jpg\" alt=\"\" width=\"225\" height=\"300\" srcset=\"https:\/\/oglv-inneringen.de\/wp-content\/uploads\/2018\/09\/P1020346-225x300.jpg 225w, https:\/\/oglv-inneringen.de\/wp-content\/uploads\/2018\/09\/P1020346.jpg 768w, https:\/\/oglv-inneringen.de\/wp-content\/uploads\/2018\/09\/P1020346-624x832.jpg 624w\" sizes=\"auto, (max-width: 225px) 100vw, 225px\" \/><\/a>&nbsp;<a href=\"https:\/\/oglv-inneringen.de\/wp-content\/uploads\/2018\/09\/P1020351.jpg\"><img loading=\"lazy\" decoding=\"async\" class=\"alignnone size-medium wp-image-1581\" src=\"https:\/\/oglv-inneringen.de\/wp-content\/uploads\/2018\/09\/P1020351-225x300.jpg\" alt=\"\" width=\"225\" height=\"300\" srcset=\"https:\/\/oglv-inneringen.de\/wp-content\/uploads\/2018\/09\/P1020351-225x300.jpg 225w, https:\/\/oglv-inneringen.de\/wp-content\/uploads\/2018\/09\/P1020351.jpg 768w, https:\/\/oglv-inneringen.de\/wp-content\/uploads\/2018\/09\/P1020351-624x832.jpg 624w\" sizes=\"auto, (max-width: 225px) 100vw, 225px\" \/><\/a>&nbsp;<\/p>\n<p>&nbsp;<\/p>\n<p>Garten von Dorothea Kaiser<\/p>\n<p><a href=\"https:\/\/oglv-inneringen.de\/wp-content\/uploads\/2018\/09\/P1020449.jpg\"><img loading=\"lazy\" decoding=\"async\" class=\"alignnone size-medium wp-image-1584\" src=\"https:\/\/oglv-inneringen.de\/wp-content\/uploads\/2018\/09\/P1020449-300x225.jpg\" alt=\"\" width=\"300\" height=\"225\" srcset=\"https:\/\/oglv-inneringen.de\/wp-content\/uploads\/2018\/09\/P1020449-300x225.jpg 300w, https:\/\/oglv-inneringen.de\/wp-content\/uploads\/2018\/09\/P1020449-768x576.jpg 768w, https:\/\/oglv-inneringen.de\/wp-content\/uploads\/2018\/09\/P1020449.jpg 1024w, https:\/\/oglv-inneringen.de\/wp-content\/uploads\/2018\/09\/P1020449-624x468.jpg 624w\" sizes=\"auto, (max-width: 300px) 100vw, 300px\" \/><\/a>&nbsp;<a href=\"https:\/\/oglv-inneringen.de\/wp-content\/uploads\/2018\/09\/P1020448.jpg\"><img loading=\"lazy\" decoding=\"async\" class=\"alignnone size-medium wp-image-1583\" src=\"https:\/\/oglv-inneringen.de\/wp-content\/uploads\/2018\/09\/P1020448-300x225.jpg\" alt=\"\" width=\"300\" height=\"225\" srcset=\"https:\/\/oglv-inneringen.de\/wp-content\/uploads\/2018\/09\/P1020448-300x225.jpg 300w, https:\/\/oglv-inneringen.de\/wp-content\/uploads\/2018\/09\/P1020448-768x576.jpg 768w, https:\/\/oglv-inneringen.de\/wp-content\/uploads\/2018\/09\/P1020448.jpg 1024w, https:\/\/oglv-inneringen.de\/wp-content\/uploads\/2018\/09\/P1020448-624x468.jpg 624w\" sizes=\"auto, (max-width: 300px) 100vw, 300px\" \/><\/a><\/p>\n<p>&nbsp;<\/p>\n<p>Garten von Heike Birkle und Wolfgang Reiser<\/p>\n<p><a href=\"https:\/\/oglv-inneringen.de\/wp-content\/uploads\/2018\/09\/P1020302.jpg\"><img loading=\"lazy\" decoding=\"async\" class=\"alignnone size-medium wp-image-1585\" src=\"https:\/\/oglv-inneringen.de\/wp-content\/uploads\/2018\/09\/P1020302-300x225.jpg\" alt=\"\" width=\"300\" height=\"225\" srcset=\"https:\/\/oglv-inneringen.de\/wp-content\/uploads\/2018\/09\/P1020302-300x225.jpg 300w, https:\/\/oglv-inneringen.de\/wp-content\/uploads\/2018\/09\/P1020302-768x576.jpg 768w, https:\/\/oglv-inneringen.de\/wp-content\/uploads\/2018\/09\/P1020302.jpg 1024w, https:\/\/oglv-inneringen.de\/wp-content\/uploads\/2018\/09\/P1020302-624x468.jpg 624w\" sizes=\"auto, (max-width: 300px) 100vw, 300px\" \/><\/a>&nbsp;<a href=\"https:\/\/oglv-inneringen.de\/wp-content\/uploads\/2018\/09\/P1020304.jpg\"><img loading=\"lazy\" decoding=\"async\" class=\"alignnone size-medium wp-image-1587\" src=\"https:\/\/oglv-inneringen.de\/wp-content\/uploads\/2018\/09\/P1020304-300x225.jpg\" alt=\"\" width=\"300\" height=\"225\" srcset=\"https:\/\/oglv-inneringen.de\/wp-content\/uploads\/2018\/09\/P1020304-300x225.jpg 300w, https:\/\/oglv-inneringen.de\/wp-content\/uploads\/2018\/09\/P1020304-768x576.jpg 768w, https:\/\/oglv-inneringen.de\/wp-content\/uploads\/2018\/09\/P1020304.jpg 1024w, https:\/\/oglv-inneringen.de\/wp-content\/uploads\/2018\/09\/P1020304-624x468.jpg 624w\" sizes=\"auto, (max-width: 300px) 100vw, 300px\" \/><\/a><\/p>\n<p>&nbsp;<\/p>\n<p>Garten von Ilse und Klaus Wolf<\/p>\n<p><a href=\"https:\/\/oglv-inneringen.de\/wp-content\/uploads\/2018\/09\/P1020245.jpg\"><img loading=\"lazy\" decoding=\"async\" class=\"alignnone size-medium wp-image-1588\" src=\"https:\/\/oglv-inneringen.de\/wp-content\/uploads\/2018\/09\/P1020245-225x300.jpg\" alt=\"\" width=\"225\" height=\"300\" srcset=\"https:\/\/oglv-inneringen.de\/wp-content\/uploads\/2018\/09\/P1020245-225x300.jpg 225w, https:\/\/oglv-inneringen.de\/wp-content\/uploads\/2018\/09\/P1020245.jpg 768w, https:\/\/oglv-inneringen.de\/wp-content\/uploads\/2018\/09\/P1020245-624x832.jpg 624w\" sizes=\"auto, (max-width: 225px) 100vw, 225px\" \/><\/a>&nbsp;<a href=\"https:\/\/oglv-inneringen.de\/wp-content\/uploads\/2018\/09\/P1020260.jpg\"><img loading=\"lazy\" decoding=\"async\" class=\"alignnone size-medium wp-image-1589\" src=\"https:\/\/oglv-inneringen.de\/wp-content\/uploads\/2018\/09\/P1020260-225x300.jpg\" alt=\"\" width=\"225\" height=\"300\" srcset=\"https:\/\/oglv-inneringen.de\/wp-content\/uploads\/2018\/09\/P1020260-225x300.jpg 225w, https:\/\/oglv-inneringen.de\/wp-content\/uploads\/2018\/09\/P1020260.jpg 768w, https:\/\/oglv-inneringen.de\/wp-content\/uploads\/2018\/09\/P1020260-624x832.jpg 624w\" sizes=\"auto, (max-width: 225px) 100vw, 225px\" \/><\/a><\/p>\n<p>&nbsp;<\/p>\n<p>Garten von Maria und Anton Guhl<\/p>\n<p><a href=\"https:\/\/oglv-inneringen.de\/wp-content\/uploads\/2018\/09\/P1020193.jpg\"><img loading=\"lazy\" decoding=\"async\" class=\"alignnone size-medium wp-image-1590\" src=\"https:\/\/oglv-inneringen.de\/wp-content\/uploads\/2018\/09\/P1020193-225x300.jpg\" alt=\"\" width=\"225\" height=\"300\" srcset=\"https:\/\/oglv-inneringen.de\/wp-content\/uploads\/2018\/09\/P1020193-225x300.jpg 225w, https:\/\/oglv-inneringen.de\/wp-content\/uploads\/2018\/09\/P1020193.jpg 768w, https:\/\/oglv-inneringen.de\/wp-content\/uploads\/2018\/09\/P1020193-624x832.jpg 624w\" sizes=\"auto, (max-width: 225px) 100vw, 225px\" \/><\/a>&nbsp;<a href=\"https:\/\/oglv-inneringen.de\/wp-content\/uploads\/2018\/09\/P1020489.jpg\"><img loading=\"lazy\" decoding=\"async\" class=\"alignnone size-medium wp-image-1591\" src=\"https:\/\/oglv-inneringen.de\/wp-content\/uploads\/2018\/09\/P1020489-300x225.jpg\" alt=\"\" width=\"300\" height=\"225\" srcset=\"https:\/\/oglv-inneringen.de\/wp-content\/uploads\/2018\/09\/P1020489-300x225.jpg 300w, https:\/\/oglv-inneringen.de\/wp-content\/uploads\/2018\/09\/P1020489-768x576.jpg 768w, https:\/\/oglv-inneringen.de\/wp-content\/uploads\/2018\/09\/P1020489.jpg 1024w, https:\/\/oglv-inneringen.de\/wp-content\/uploads\/2018\/09\/P1020489-624x468.jpg 624w\" sizes=\"auto, (max-width: 300px) 100vw, 300px\" \/><\/a><\/p>\n<p>&nbsp;<\/p>\n<p>Garten von Michael Bruns<\/p>\n<p><a href=\"https:\/\/oglv-inneringen.de\/wp-content\/uploads\/2018\/09\/P1020455.jpg\"><img loading=\"lazy\" decoding=\"async\" class=\"alignnone size-medium wp-image-1592\" src=\"https:\/\/oglv-inneringen.de\/wp-content\/uploads\/2018\/09\/P1020455-300x225.jpg\" alt=\"\" width=\"300\" height=\"225\" srcset=\"https:\/\/oglv-inneringen.de\/wp-content\/uploads\/2018\/09\/P1020455-300x225.jpg 300w, https:\/\/oglv-inneringen.de\/wp-content\/uploads\/2018\/09\/P1020455-768x576.jpg 768w, https:\/\/oglv-inneringen.de\/wp-content\/uploads\/2018\/09\/P1020455.jpg 1024w, https:\/\/oglv-inneringen.de\/wp-content\/uploads\/2018\/09\/P1020455-624x468.jpg 624w\" sizes=\"auto, (max-width: 300px) 100vw, 300px\" \/><\/a>&nbsp;<a href=\"https:\/\/oglv-inneringen.de\/wp-content\/uploads\/2018\/09\/P1020461.jpg\"><img loading=\"lazy\" decoding=\"async\" class=\"alignnone size-medium wp-image-1593\" src=\"https:\/\/oglv-inneringen.de\/wp-content\/uploads\/2018\/09\/P1020461-225x300.jpg\" alt=\"\" width=\"225\" height=\"300\" srcset=\"https:\/\/oglv-inneringen.de\/wp-content\/uploads\/2018\/09\/P1020461-225x300.jpg 225w, https:\/\/oglv-inneringen.de\/wp-content\/uploads\/2018\/09\/P1020461.jpg 768w, https:\/\/oglv-inneringen.de\/wp-content\/uploads\/2018\/09\/P1020461-624x832.jpg 624w\" sizes=\"auto, (max-width: 225px) 100vw, 225px\" \/><\/a><\/p>\n<p>&nbsp;<\/p>\n<p>Garten von R\u00f6sle R\u00f6sch<\/p>\n<p><a href=\"https:\/\/oglv-inneringen.de\/wp-content\/uploads\/2018\/09\/P1020395.jpg\"><img loading=\"lazy\" decoding=\"async\" class=\"alignnone size-medium wp-image-1595\" src=\"https:\/\/oglv-inneringen.de\/wp-content\/uploads\/2018\/09\/P1020395-300x225.jpg\" alt=\"\" width=\"300\" height=\"225\" srcset=\"https:\/\/oglv-inneringen.de\/wp-content\/uploads\/2018\/09\/P1020395-300x225.jpg 300w, https:\/\/oglv-inneringen.de\/wp-content\/uploads\/2018\/09\/P1020395-768x576.jpg 768w, https:\/\/oglv-inneringen.de\/wp-content\/uploads\/2018\/09\/P1020395.jpg 1024w, https:\/\/oglv-inneringen.de\/wp-content\/uploads\/2018\/09\/P1020395-624x468.jpg 624w\" sizes=\"auto, (max-width: 300px) 100vw, 300px\" \/><\/a>&nbsp;<a href=\"https:\/\/oglv-inneringen.de\/wp-content\/uploads\/2018\/09\/P1020396.jpg\"><img loading=\"lazy\" decoding=\"async\" class=\"alignnone size-medium wp-image-1596\" src=\"https:\/\/oglv-inneringen.de\/wp-content\/uploads\/2018\/09\/P1020396-300x225.jpg\" alt=\"\" width=\"300\" height=\"225\" srcset=\"https:\/\/oglv-inneringen.de\/wp-content\/uploads\/2018\/09\/P1020396-300x225.jpg 300w, https:\/\/oglv-inneringen.de\/wp-content\/uploads\/2018\/09\/P1020396-768x576.jpg 768w, https:\/\/oglv-inneringen.de\/wp-content\/uploads\/2018\/09\/P1020396.jpg 1024w, https:\/\/oglv-inneringen.de\/wp-content\/uploads\/2018\/09\/P1020396-624x468.jpg 624w\" sizes=\"auto, (max-width: 300px) 100vw, 300px\" \/><\/a><\/p>\n<p>&nbsp;<\/p>\n<p>Garten von Silke Br\u00e4ndle und Martin Maier<\/p>\n<p><a href=\"https:\/\/oglv-inneringen.de\/wp-content\/uploads\/2018\/09\/P1020219.jpg\"><img loading=\"lazy\" decoding=\"async\" class=\"alignnone size-medium wp-image-1597\" src=\"https:\/\/oglv-inneringen.de\/wp-content\/uploads\/2018\/09\/P1020219-300x225.jpg\" alt=\"\" width=\"300\" height=\"225\" srcset=\"https:\/\/oglv-inneringen.de\/wp-content\/uploads\/2018\/09\/P1020219-300x225.jpg 300w, https:\/\/oglv-inneringen.de\/wp-content\/uploads\/2018\/09\/P1020219-768x576.jpg 768w, https:\/\/oglv-inneringen.de\/wp-content\/uploads\/2018\/09\/P1020219.jpg 1024w, https:\/\/oglv-inneringen.de\/wp-content\/uploads\/2018\/09\/P1020219-624x468.jpg 624w\" sizes=\"auto, (max-width: 300px) 100vw, 300px\" \/><\/a>&nbsp;<a href=\"https:\/\/oglv-inneringen.de\/wp-content\/uploads\/2018\/09\/P1020320.jpg\"><img loading=\"lazy\" decoding=\"async\" class=\"alignnone size-medium wp-image-1598\" src=\"https:\/\/oglv-inneringen.de\/wp-content\/uploads\/2018\/09\/P1020320-300x225.jpg\" alt=\"\" width=\"300\" height=\"225\" srcset=\"https:\/\/oglv-inneringen.de\/wp-content\/uploads\/2018\/09\/P1020320-300x225.jpg 300w, https:\/\/oglv-inneringen.de\/wp-content\/uploads\/2018\/09\/P1020320-768x576.jpg 768w, https:\/\/oglv-inneringen.de\/wp-content\/uploads\/2018\/09\/P1020320.jpg 1024w, https:\/\/oglv-inneringen.de\/wp-content\/uploads\/2018\/09\/P1020320-624x468.jpg 624w\" sizes=\"auto, (max-width: 300px) 100vw, 300px\" \/><\/a><\/p>\n<p>&nbsp;<\/p>\n<p>Garten von Silvia und Armin Nothelfer<\/p>\n<p><a href=\"https:\/\/oglv-inneringen.de\/wp-content\/uploads\/2018\/09\/P1020473.jpg\"><img loading=\"lazy\" decoding=\"async\" class=\"alignnone size-medium wp-image-1599\" src=\"https:\/\/oglv-inneringen.de\/wp-content\/uploads\/2018\/09\/P1020473-300x225.jpg\" alt=\"\" width=\"300\" height=\"225\" srcset=\"https:\/\/oglv-inneringen.de\/wp-content\/uploads\/2018\/09\/P1020473-300x225.jpg 300w, https:\/\/oglv-inneringen.de\/wp-content\/uploads\/2018\/09\/P1020473-768x576.jpg 768w, https:\/\/oglv-inneringen.de\/wp-content\/uploads\/2018\/09\/P1020473.jpg 1024w, https:\/\/oglv-inneringen.de\/wp-content\/uploads\/2018\/09\/P1020473-624x468.jpg 624w\" sizes=\"auto, (max-width: 300px) 100vw, 300px\" \/><\/a>&nbsp;<a href=\"https:\/\/oglv-inneringen.de\/wp-content\/uploads\/2018\/09\/P1020481.jpg\"><img loading=\"lazy\" decoding=\"async\" class=\"alignnone size-medium wp-image-1600\" src=\"https:\/\/oglv-inneringen.de\/wp-content\/uploads\/2018\/09\/P1020481-300x225.jpg\" alt=\"\" width=\"300\" height=\"225\" srcset=\"https:\/\/oglv-inneringen.de\/wp-content\/uploads\/2018\/09\/P1020481-300x225.jpg 300w, https:\/\/oglv-inneringen.de\/wp-content\/uploads\/2018\/09\/P1020481-768x576.jpg 768w, https:\/\/oglv-inneringen.de\/wp-content\/uploads\/2018\/09\/P1020481.jpg 1024w, https:\/\/oglv-inneringen.de\/wp-content\/uploads\/2018\/09\/P1020481-624x468.jpg 624w\" sizes=\"auto, (max-width: 300px) 100vw, 300px\" \/><\/a><\/p>\n<p>&nbsp;<\/p>\n<p>Garten von Sybille Ritter<\/p>\n<p><a href=\"https:\/\/oglv-inneringen.de\/wp-content\/uploads\/2018\/09\/P1020202.jpg\"><img loading=\"lazy\" decoding=\"async\" class=\"alignnone size-medium wp-image-1606\" src=\"https:\/\/oglv-inneringen.de\/wp-content\/uploads\/2018\/09\/P1020202-300x225.jpg\" alt=\"\" width=\"300\" height=\"225\" srcset=\"https:\/\/oglv-inneringen.de\/wp-content\/uploads\/2018\/09\/P1020202-300x225.jpg 300w, https:\/\/oglv-inneringen.de\/wp-content\/uploads\/2018\/09\/P1020202-768x576.jpg 768w, https:\/\/oglv-inneringen.de\/wp-content\/uploads\/2018\/09\/P1020202.jpg 1024w, https:\/\/oglv-inneringen.de\/wp-content\/uploads\/2018\/09\/P1020202-624x468.jpg 624w\" sizes=\"auto, (max-width: 300px) 100vw, 300px\" \/><\/a>&nbsp;<a href=\"https:\/\/oglv-inneringen.de\/wp-content\/uploads\/2018\/09\/P1020628.jpg\"><img loading=\"lazy\" decoding=\"async\" class=\"alignnone size-medium wp-image-1607\" src=\"https:\/\/oglv-inneringen.de\/wp-content\/uploads\/2018\/09\/P1020628-300x225.jpg\" alt=\"\" width=\"300\" height=\"225\" srcset=\"https:\/\/oglv-inneringen.de\/wp-content\/uploads\/2018\/09\/P1020628-300x225.jpg 300w, https:\/\/oglv-inneringen.de\/wp-content\/uploads\/2018\/09\/P1020628-768x576.jpg 768w, https:\/\/oglv-inneringen.de\/wp-content\/uploads\/2018\/09\/P1020628.jpg 1024w, https:\/\/oglv-inneringen.de\/wp-content\/uploads\/2018\/09\/P1020628-624x468.jpg 624w\" sizes=\"auto, (max-width: 300px) 100vw, 300px\" \/><\/a><\/p>\n<p>&nbsp;<\/p>\n<p>Bergkapelle<\/p>\n<p><a href=\"https:\/\/oglv-inneringen.de\/wp-content\/uploads\/2018\/09\/P1020565.jpg\"><img loading=\"lazy\" decoding=\"async\" class=\"alignnone size-medium wp-image-1602\" src=\"https:\/\/oglv-inneringen.de\/wp-content\/uploads\/2018\/09\/P1020565-300x225.jpg\" alt=\"\" width=\"300\" height=\"225\" srcset=\"https:\/\/oglv-inneringen.de\/wp-content\/uploads\/2018\/09\/P1020565-300x225.jpg 300w, https:\/\/oglv-inneringen.de\/wp-content\/uploads\/2018\/09\/P1020565-768x576.jpg 768w, https:\/\/oglv-inneringen.de\/wp-content\/uploads\/2018\/09\/P1020565.jpg 1024w, https:\/\/oglv-inneringen.de\/wp-content\/uploads\/2018\/09\/P1020565-624x468.jpg 624w\" sizes=\"auto, (max-width: 300px) 100vw, 300px\" \/><\/a>&nbsp;<a href=\"https:\/\/oglv-inneringen.de\/wp-content\/uploads\/2018\/09\/P1020592.jpg\"><img loading=\"lazy\" decoding=\"async\" class=\"alignnone size-medium wp-image-1603\" src=\"https:\/\/oglv-inneringen.de\/wp-content\/uploads\/2018\/09\/P1020592-300x225.jpg\" alt=\"\" width=\"300\" height=\"225\" srcset=\"https:\/\/oglv-inneringen.de\/wp-content\/uploads\/2018\/09\/P1020592-300x225.jpg 300w, https:\/\/oglv-inneringen.de\/wp-content\/uploads\/2018\/09\/P1020592-768x576.jpg 768w, https:\/\/oglv-inneringen.de\/wp-content\/uploads\/2018\/09\/P1020592.jpg 1024w, https:\/\/oglv-inneringen.de\/wp-content\/uploads\/2018\/09\/P1020592-624x468.jpg 624w\" sizes=\"auto, (max-width: 300px) 100vw, 300px\" \/><\/a><\/p>\n<p>&nbsp;<\/p>\n<p>Gewandhaus<\/p>\n<p><a href=\"https:\/\/oglv-inneringen.de\/wp-content\/uploads\/2018\/09\/DSC_0072.jpg\"><img loading=\"lazy\" decoding=\"async\" class=\"alignnone size-medium wp-image-1604\" src=\"https:\/\/oglv-inneringen.de\/wp-content\/uploads\/2018\/09\/DSC_0072-300x201.jpg\" alt=\"\" width=\"300\" height=\"201\" srcset=\"https:\/\/oglv-inneringen.de\/wp-content\/uploads\/2018\/09\/DSC_0072-300x201.jpg 300w, https:\/\/oglv-inneringen.de\/wp-content\/uploads\/2018\/09\/DSC_0072-768x514.jpg 768w, https:\/\/oglv-inneringen.de\/wp-content\/uploads\/2018\/09\/DSC_0072.jpg 1024w, https:\/\/oglv-inneringen.de\/wp-content\/uploads\/2018\/09\/DSC_0072-624x417.jpg 624w\" sizes=\"auto, (max-width: 300px) 100vw, 300px\" \/><\/a>&nbsp;<a href=\"https:\/\/oglv-inneringen.de\/wp-content\/uploads\/2018\/09\/DSC_0071.jpg\"><img loading=\"lazy\" decoding=\"async\" class=\"alignnone size-medium wp-image-1605\" src=\"https:\/\/oglv-inneringen.de\/wp-content\/uploads\/2018\/09\/DSC_0071-300x201.jpg\" alt=\"\" width=\"300\" height=\"201\" srcset=\"https:\/\/oglv-inneringen.de\/wp-content\/uploads\/2018\/09\/DSC_0071-300x201.jpg 300w, https:\/\/oglv-inneringen.de\/wp-content\/uploads\/2018\/09\/DSC_0071-768x514.jpg 768w, https:\/\/oglv-inneringen.de\/wp-content\/uploads\/2018\/09\/DSC_0071.jpg 1024w, https:\/\/oglv-inneringen.de\/wp-content\/uploads\/2018\/09\/DSC_0071-624x417.jpg 624w\" sizes=\"auto, (max-width: 300px) 100vw, 300px\" \/><\/a><\/p>\n<p>&nbsp;<\/p>\n<p>&nbsp;<\/p>\n<p>&nbsp;<\/p>\n<p>&nbsp;<\/p>\n<p>&nbsp;<\/p>\n<p>&nbsp;<\/p>\n<p>&nbsp;<\/p>\n<p>&nbsp;<\/p>\n<p>&nbsp;<\/p>\n<p>&nbsp;<\/p>\n<p>&nbsp;<\/p>\n<p>&nbsp;<\/p>\n<p>&nbsp;<\/p>\n<p>&nbsp;<\/p>\n<p>&nbsp;<\/p>\n<p>&nbsp;<\/p>\n<p>&nbsp;<\/p>\n<p>&nbsp;<\/p>\n<p>&nbsp;<\/p>\n<p>&nbsp;<\/p>\n<p>&nbsp;<\/p>\n","protected":false},"excerpt":{"rendered":"<p>Am 28. Juni 2015 fand der Tag der offenen Gartent\u00fcr statt, wo auch in Inneringen 12 G\u00e4rten zu besichtigen waren. Garten von Anita und Thomas Baier &nbsp;&nbsp; &nbsp; Garten von Dorothea Kaiser &nbsp; &nbsp; Garten von Heike Birkle und Wolfgang Reiser &nbsp; &nbsp; Garten von Ilse und Klaus Wolf &nbsp; &nbsp; Garten von Maria und [&hellip;]<\/p>\n","protected":false},"author":2,"featured_media":0,"parent":0,"menu_order":0,"comment_status":"closed","ping_status":"closed","template":"","meta":{"ngg_post_thumbnail":0,"footnotes":""},"class_list":["post-1507","page","type-page","status-publish","hentry"],"_links":{"self":[{"href":"https:\/\/oglv-inneringen.de\/index.php?rest_route=\/wp\/v2\/pages\/1507","targetHints":{"allow":["GET"]}}],"collection":[{"href":"https:\/\/oglv-inneringen.de\/index.php?rest_route=\/wp\/v2\/pages"}],"about":[{"href":"https:\/\/oglv-inneringen.de\/index.php?rest_route=\/wp\/v2\/types\/page"}],"author":[{"embeddable":true,"href":"https:\/\/oglv-inneringen.de\/index.php?rest_route=\/wp\/v2\/users\/2"}],"replies":[{"embeddable":true,"href":"https:\/\/oglv-inneringen.de\/index.php?rest_route=%2Fwp%2Fv2%2Fcomments&post=1507"}],"version-history":[{"count":4,"href":"https:\/\/oglv-inneringen.de\/index.php?rest_route=\/wp\/v2\/pages\/1507\/revisions"}],"predecessor-version":[{"id":1608,"href":"https:\/\/oglv-inneringen.de\/index.php?rest_route=\/wp\/v2\/pages\/1507\/revisions\/1608"}],"wp:attachment":[{"href":"https:\/\/oglv-inneringen.de\/index.php?rest_route=%2Fwp%2Fv2%2Fmedia&parent=1507"}],"curies":[{"name":"wp","href":"https:\/\/api.w.org\/{rel}","templated":true}]}}