{"id":123,"date":"2013-05-25T22:04:47","date_gmt":"2013-05-25T20:04:47","guid":{"rendered":"http:\/\/obst-gartenbau.bplaced.net\/wordpress\/?page_id=123"},"modified":"2015-01-21T12:13:21","modified_gmt":"2015-01-21T10:13:21","slug":"gestaltung-der-ortsdurchfahrt-dorfplatz","status":"publish","type":"page","link":"https:\/\/oglv-inneringen.de\/?page_id=123","title":{"rendered":"Gestaltung der Ortsdurchfahrt \/ Dorfplatz"},"content":{"rendered":"<p><span style=\"font-family: verdana,geneva; font-size: 16px;\">Im Rahmen der Neuanlage der Ortsdurchfahrt und des Dorfplatzes in Inneringen in den Jahren 2006 bis 2008 \u00fcbernahm der OGLV die Bepflanzung s\u00e4mtlicher Blumen- und Staudenbeete und der B\u00e4ume in allen 3 Bauabschnitten.<\/span><\/p>\n<p>&nbsp;<\/p>\n<ul>\n<li><span style=\"font-family: verdana,geneva; font-size: 16px;\">Bauabschnitt 1:\u00a0 2006\u00a0 Neugestaltung des Dorf- und Kirchplatzes<\/span><\/li>\n<\/ul>\n<p style=\"text-align: left;\"><span style=\"font-family: verdana,geneva; font-size: 16px;\"><a href=\"http:\/\/web134.srv3.sysproserver.de\/oglv-inneringen\/wp-content\/uploads\/2013\/05\/2006-Neugestaltung-des-Dorf-und-Kirchplatz.jpg\"><img loading=\"lazy\" decoding=\"async\" class=\"alignnone wp-image-975 size-full\" src=\"http:\/\/web134.srv3.sysproserver.de\/oglv-inneringen\/wp-content\/uploads\/2013\/05\/2006-Neugestaltung-des-Dorf-und-Kirchplatz.jpg\" alt=\"2006 Neugestaltung des Dorf- und Kirchplatz\" width=\"800\" height=\"536\" srcset=\"https:\/\/oglv-inneringen.de\/wp-content\/uploads\/2013\/05\/2006-Neugestaltung-des-Dorf-und-Kirchplatz.jpg 800w, https:\/\/oglv-inneringen.de\/wp-content\/uploads\/2013\/05\/2006-Neugestaltung-des-Dorf-und-Kirchplatz-300x201.jpg 300w, https:\/\/oglv-inneringen.de\/wp-content\/uploads\/2013\/05\/2006-Neugestaltung-des-Dorf-und-Kirchplatz-624x418.jpg 624w\" sizes=\"auto, (max-width: 800px) 100vw, 800px\" \/><\/a>\u00a0\u00a0\u00a0\u00a0\u00a0\u00a0\u00a0\u00a0\u00a0\u00a0\u00a0\u00a0\u00a0\u00a0\u00a0\u00a0\u00a0\u00a0\u00a0\u00a0\u00a0\u00a0\u00a0\u00a0\u00a0\u00a0\u00a0\u00a0\u00a0\u00a0\u00a0\u00a0\u00a0\u00a0\u00a0\u00a0\u00a0\u00a0\u00a0\u00a0<\/span><\/p>\n<ul>\n<li><span style=\"font-family: verdana,geneva; font-size: 16px;\">Bauabschnitt 2:\u00a0 2007\u00a0 Sigmaringer Stra\u00dfe<\/span><\/li>\n<\/ul>\n<p style=\"text-align: left;\"><span style=\"font-family: verdana,geneva; font-size: 16px;\"><a href=\"http:\/\/web134.srv3.sysproserver.de\/oglv-inneringen\/wp-content\/uploads\/2013\/05\/2007-Sigmaringer-Strasse.jpg\"><img loading=\"lazy\" decoding=\"async\" class=\"alignnone wp-image-976 size-full\" src=\"http:\/\/web134.srv3.sysproserver.de\/oglv-inneringen\/wp-content\/uploads\/2013\/05\/2007-Sigmaringer-Strasse.jpg\" alt=\"2007 Sigmaringer Strasse\" width=\"536\" height=\"800\" srcset=\"https:\/\/oglv-inneringen.de\/wp-content\/uploads\/2013\/05\/2007-Sigmaringer-Strasse.jpg 536w, https:\/\/oglv-inneringen.de\/wp-content\/uploads\/2013\/05\/2007-Sigmaringer-Strasse-201x300.jpg 201w\" sizes=\"auto, (max-width: 536px) 100vw, 536px\" \/><\/a>\u00a0<a href=\"http:\/\/obst-gartenbau.bplaced.net\/wordpress\/wp-content\/uploads\/2013\/05\/DSC_0271-536x800.jpg\"><br \/>\n<\/a>\u00a0\u00a0\u00a0\u00a0\u00a0\u00a0\u00a0\u00a0\u00a0\u00a0\u00a0\u00a0\u00a0\u00a0\u00a0\u00a0 <\/span><\/p>\n<ul>\n<li><span style=\"font-family: verdana,geneva; font-size: 16px;\">Bauabschnitt 3:\u00a0 2008 Gammeringer Stra\u00dfe<\/span><\/li>\n<\/ul>\n<p style=\"text-align: left;\"><span style=\"font-family: verdana,geneva; font-size: 16px;\"><a href=\"http:\/\/web134.srv3.sysproserver.de\/oglv-inneringen\/wp-content\/uploads\/2013\/05\/2008-Gammeringer-Strasse.jpg\"><img loading=\"lazy\" decoding=\"async\" class=\"alignnone wp-image-977 size-full\" src=\"http:\/\/web134.srv3.sysproserver.de\/oglv-inneringen\/wp-content\/uploads\/2013\/05\/2008-Gammeringer-Strasse.jpg\" alt=\"2008 Gammeringer Strasse\" width=\"536\" height=\"800\" srcset=\"https:\/\/oglv-inneringen.de\/wp-content\/uploads\/2013\/05\/2008-Gammeringer-Strasse.jpg 536w, https:\/\/oglv-inneringen.de\/wp-content\/uploads\/2013\/05\/2008-Gammeringer-Strasse-201x300.jpg 201w\" sizes=\"auto, (max-width: 536px) 100vw, 536px\" \/><\/a>\u00a0 \u00a0 \u00a0<\/span><\/p>\n","protected":false},"excerpt":{"rendered":"<p>Im Rahmen der Neuanlage der Ortsdurchfahrt und des Dorfplatzes in Inneringen in den Jahren 2006 bis 2008 \u00fcbernahm der OGLV die Bepflanzung s\u00e4mtlicher Blumen- und Staudenbeete und der B\u00e4ume in allen 3 Bauabschnitten. &nbsp; Bauabschnitt 1:\u00a0 2006\u00a0 Neugestaltung des Dorf- und Kirchplatzes \u00a0\u00a0\u00a0\u00a0\u00a0\u00a0\u00a0\u00a0\u00a0\u00a0\u00a0\u00a0\u00a0\u00a0\u00a0\u00a0\u00a0\u00a0\u00a0\u00a0\u00a0\u00a0\u00a0\u00a0\u00a0\u00a0\u00a0\u00a0\u00a0\u00a0\u00a0\u00a0\u00a0\u00a0\u00a0\u00a0\u00a0\u00a0\u00a0\u00a0 Bauabschnitt 2:\u00a0 2007\u00a0 Sigmaringer Stra\u00dfe \u00a0 \u00a0\u00a0\u00a0\u00a0\u00a0\u00a0\u00a0\u00a0\u00a0\u00a0\u00a0\u00a0\u00a0\u00a0\u00a0\u00a0 Bauabschnitt 3:\u00a0 2008 Gammeringer Stra\u00dfe [&hellip;]<\/p>\n","protected":false},"author":1,"featured_media":0,"parent":864,"menu_order":20,"comment_status":"closed","ping_status":"closed","template":"","meta":{"ngg_post_thumbnail":0,"footnotes":""},"class_list":["post-123","page","type-page","status-publish","hentry"],"_links":{"self":[{"href":"https:\/\/oglv-inneringen.de\/index.php?rest_route=\/wp\/v2\/pages\/123","targetHints":{"allow":["GET"]}}],"collection":[{"href":"https:\/\/oglv-inneringen.de\/index.php?rest_route=\/wp\/v2\/pages"}],"about":[{"href":"https:\/\/oglv-inneringen.de\/index.php?rest_route=\/wp\/v2\/types\/page"}],"author":[{"embeddable":true,"href":"https:\/\/oglv-inneringen.de\/index.php?rest_route=\/wp\/v2\/users\/1"}],"replies":[{"embeddable":true,"href":"https:\/\/oglv-inneringen.de\/index.php?rest_route=%2Fwp%2Fv2%2Fcomments&post=123"}],"version-history":[{"count":5,"href":"https:\/\/oglv-inneringen.de\/index.php?rest_route=\/wp\/v2\/pages\/123\/revisions"}],"predecessor-version":[{"id":1022,"href":"https:\/\/oglv-inneringen.de\/index.php?rest_route=\/wp\/v2\/pages\/123\/revisions\/1022"}],"up":[{"embeddable":true,"href":"https:\/\/oglv-inneringen.de\/index.php?rest_route=\/wp\/v2\/pages\/864"}],"wp:attachment":[{"href":"https:\/\/oglv-inneringen.de\/index.php?rest_route=%2Fwp%2Fv2%2Fmedia&parent=123"}],"curies":[{"name":"wp","href":"https:\/\/api.w.org\/{rel}","templated":true}]}}