{"id":114,"date":"2013-05-25T21:32:23","date_gmt":"2013-05-25T19:32:23","guid":{"rendered":"http:\/\/obst-gartenbau.bplaced.net\/wordpress\/?page_id=114"},"modified":"2019-01-07T00:41:15","modified_gmt":"2019-01-06T22:41:15","slug":"bergkapelle","status":"publish","type":"page","link":"https:\/\/oglv-inneringen.de\/?page_id=114","title":{"rendered":"Bergkapelle"},"content":{"rendered":"<div id=\"attachment_274\" style=\"width: 310px\" class=\"wp-caption alignnone\"><a href=\"https:\/\/oglv-inneringen.de\/wp-content\/uploads\/2013\/06\/DSC_0121-800x536.jpg\"><img loading=\"lazy\" decoding=\"async\" aria-describedby=\"caption-attachment-274\" class=\"size-medium wp-image-274\" src=\"https:\/\/oglv-inneringen.de\/wp-content\/uploads\/2013\/06\/DSC_0121-800x536-300x201.jpg\" alt=\"\" width=\"300\" height=\"201\" srcset=\"https:\/\/oglv-inneringen.de\/wp-content\/uploads\/2013\/06\/DSC_0121-800x536-300x201.jpg 300w, https:\/\/oglv-inneringen.de\/wp-content\/uploads\/2013\/06\/DSC_0121-800x536.jpg 800w\" sizes=\"auto, (max-width: 300px) 100vw, 300px\" \/><\/a><p id=\"caption-attachment-274\" class=\"wp-caption-text\">Bergkapelle<\/p><\/div>\n<p class=\"MsoNormal\"><span style=\"font-family: verdana,geneva; font-size: 14px;\">Die Dreifaltigkeitskapelle, im Volksmund Bergkapelle genannt, wurde in den Jahren 1520 bis 1535 erbaut und am 11. Juli 1575&nbsp; von Weihbischof Balthasar Wurzer von Konstanz zu Ehren der Dreifaltigkeit konsekriert.<\/span><\/p>\n<p class=\"MsoNormal\"><span style=\"font-family: verdana,geneva; font-size: 14px;\">Im Jahr 1725 wurde sie von Grund auf erneuert und im Stil des Barock umgebaut. Die letzte Au\u00dfensanierung der Kapelle erfolgte im Jahr 2006 durch den Obst-, Gartenbau- und Landschaftsverein Inneringen, bezuschusst durch den Naturpark Obere Donau.<\/span><\/p>\n<p class=\"MsoNormal\"><span style=\"font-family: verdana,geneva; font-size: 14px;\">Die Kapelle und das umgebende Grundst\u00fcck sind im Eigentum der politischen Gemeinde.<\/span><\/p>\n<p class=\"MsoNormal\" style=\"text-align: left;\" align=\"center\"><span style=\"font-family: verdana,geneva; font-size: 20px;\"><b style=\"mso-bidi-font-weight: normal;\">Barocker Rosengarten<\/b><\/span><\/p>\n<p class=\"MsoNormal\"><span style=\"font-family: verdana,geneva; font-size: 14px;\">Der barocke Rosengarten der Bergkapelle umfasst eine Gr\u00f6\u00dfe von ca. 300 m\u00b2. Innerhalb der Buchshecken wachsen robuste Ferry \u2013 Beetrosen, Lavendel und Salbei, erg\u00e4nzt durch schmalbl\u00e4ttrige Reitgr\u00e4ser.<\/span><\/p>\n<p class=\"MsoNormal\"><span style=\"font-family: verdana,geneva; font-size: 14px;\">Die Anlage wurde in den Jahren 2007 und 2008 durch den Obst-, Gartenbau- und Landschaftsverein Inneringen, anl\u00e4sslich des 100 \u2013 j\u00e4hrigen Bestehens des Vereins, angelegt. Unterst\u00fctzt wurde dieses Vorhaben durch die \u201eSchutzgemeinschaft Deutscher Wald\u201c und die Stadt Hettingen.<\/span><\/p>\n<p class=\"MsoNormal\"><span style=\"font-family: verdana,geneva; font-size: 14px;\">Der OGLV Inneringen hat es sich seit jeher zur Aufgabe gemacht, die gesamte Anlage nach seinen M\u00f6glichkeiten zu pflegen und in gutem Zustand zu erhalten. &nbsp;&nbsp;<\/span><\/p>\n","protected":false},"excerpt":{"rendered":"<p>Die Dreifaltigkeitskapelle, im Volksmund Bergkapelle genannt, wurde in den Jahren 1520 bis 1535 erbaut und am 11. Juli 1575&nbsp; von Weihbischof Balthasar Wurzer von Konstanz zu Ehren der Dreifaltigkeit konsekriert. Im Jahr 1725 wurde sie von Grund auf erneuert und im Stil des Barock umgebaut. Die letzte Au\u00dfensanierung der Kapelle erfolgte im Jahr 2006 durch [&hellip;]<\/p>\n","protected":false},"author":1,"featured_media":0,"parent":864,"menu_order":10,"comment_status":"closed","ping_status":"closed","template":"","meta":{"ngg_post_thumbnail":0,"footnotes":""},"class_list":["post-114","page","type-page","status-publish","hentry"],"_links":{"self":[{"href":"https:\/\/oglv-inneringen.de\/index.php?rest_route=\/wp\/v2\/pages\/114","targetHints":{"allow":["GET"]}}],"collection":[{"href":"https:\/\/oglv-inneringen.de\/index.php?rest_route=\/wp\/v2\/pages"}],"about":[{"href":"https:\/\/oglv-inneringen.de\/index.php?rest_route=\/wp\/v2\/types\/page"}],"author":[{"embeddable":true,"href":"https:\/\/oglv-inneringen.de\/index.php?rest_route=\/wp\/v2\/users\/1"}],"replies":[{"embeddable":true,"href":"https:\/\/oglv-inneringen.de\/index.php?rest_route=%2Fwp%2Fv2%2Fcomments&post=114"}],"version-history":[{"count":6,"href":"https:\/\/oglv-inneringen.de\/index.php?rest_route=\/wp\/v2\/pages\/114\/revisions"}],"predecessor-version":[{"id":2087,"href":"https:\/\/oglv-inneringen.de\/index.php?rest_route=\/wp\/v2\/pages\/114\/revisions\/2087"}],"up":[{"embeddable":true,"href":"https:\/\/oglv-inneringen.de\/index.php?rest_route=\/wp\/v2\/pages\/864"}],"wp:attachment":[{"href":"https:\/\/oglv-inneringen.de\/index.php?rest_route=%2Fwp%2Fv2%2Fmedia&parent=114"}],"curies":[{"name":"wp","href":"https:\/\/api.w.org\/{rel}","templated":true}]}}