{"id":110,"date":"2013-05-25T21:24:35","date_gmt":"2013-05-25T19:24:35","guid":{"rendered":"http:\/\/obst-gartenbau.bplaced.net\/wordpress\/?page_id=110"},"modified":"2019-01-06T23:57:10","modified_gmt":"2019-01-06T21:57:10","slug":"alblermarkt","status":"publish","type":"page","link":"https:\/\/oglv-inneringen.de\/?page_id=110","title":{"rendered":"\u00c4lblermarkt 2013"},"content":{"rendered":"<p style=\"text-align: left;\"><span style=\"font-family: verdana,geneva; font-size: 16px;\">Im Jahr 2003 l\u00e4sst die Stadtverwaltung der Stadt Hettingen, die mittelalterliche Markttradition im Stadtteil Inneringen mit dem \u00c4lblermarkt wieder aufleben.<\/span><\/p>\n<p style=\"text-align: left;\"><span style=\"font-family: verdana,geneva; font-size: 16px;\">In den kommenden 5 Jahren bietet der OGLV Inneringen auf dem Dorfplatz neben einer bunten Pflanzenvielfalt und Blumengr\u00fc\u00dfen zum Muttertag auch wertvolle Garten- und Pflanztipps an.<\/span><\/p>\n<p style=\"text-align: left;\"><span style=\"font-family: verdana,geneva; font-size: 16px;\">Im Mai 2008, auf dem 6. \u00c4lblermarkt, \u00f6ffnen wir zum ersten Mal unser Gartenbistro mit italienischen Kaffee- und hausgemachten Kuchenspezilit\u00e4ten.<\/span><\/p>\n<p style=\"text-align: left;\"><span style=\"font-family: verdana,geneva; font-size: 16px;\">Seither passt sich unsere Angebotsvielfalt best\u00e4ndig den W\u00fcnschen unserer Kunden an. <\/span><\/p>\n<p style=\"text-align: left;\"><span style=\"font-family: verdana,geneva; font-size: 16px;\">Bilder auf unserer Seite <a title=\"Photos \u00c4lblermarkt 2013\" href=\"https:\/\/oglv-inneringen.de\/?page_id=350\">\u00c4lblermarkt&nbsp;2013<\/a><\/span><\/p>\n","protected":false},"excerpt":{"rendered":"<p>Im Jahr 2003 l\u00e4sst die Stadtverwaltung der Stadt Hettingen, die mittelalterliche Markttradition im Stadtteil Inneringen mit dem \u00c4lblermarkt wieder aufleben. In den kommenden 5 Jahren bietet der OGLV Inneringen auf dem Dorfplatz neben einer bunten Pflanzenvielfalt und Blumengr\u00fc\u00dfen zum Muttertag auch wertvolle Garten- und Pflanztipps an. Im Mai 2008, auf dem 6. \u00c4lblermarkt, \u00f6ffnen wir [&hellip;]<\/p>\n","protected":false},"author":1,"featured_media":0,"parent":920,"menu_order":10,"comment_status":"closed","ping_status":"closed","template":"","meta":{"ngg_post_thumbnail":0,"footnotes":""},"class_list":["post-110","page","type-page","status-publish","hentry"],"_links":{"self":[{"href":"https:\/\/oglv-inneringen.de\/index.php?rest_route=\/wp\/v2\/pages\/110","targetHints":{"allow":["GET"]}}],"collection":[{"href":"https:\/\/oglv-inneringen.de\/index.php?rest_route=\/wp\/v2\/pages"}],"about":[{"href":"https:\/\/oglv-inneringen.de\/index.php?rest_route=\/wp\/v2\/types\/page"}],"author":[{"embeddable":true,"href":"https:\/\/oglv-inneringen.de\/index.php?rest_route=\/wp\/v2\/users\/1"}],"replies":[{"embeddable":true,"href":"https:\/\/oglv-inneringen.de\/index.php?rest_route=%2Fwp%2Fv2%2Fcomments&post=110"}],"version-history":[{"count":7,"href":"https:\/\/oglv-inneringen.de\/index.php?rest_route=\/wp\/v2\/pages\/110\/revisions"}],"predecessor-version":[{"id":2025,"href":"https:\/\/oglv-inneringen.de\/index.php?rest_route=\/wp\/v2\/pages\/110\/revisions\/2025"}],"up":[{"embeddable":true,"href":"https:\/\/oglv-inneringen.de\/index.php?rest_route=\/wp\/v2\/pages\/920"}],"wp:attachment":[{"href":"https:\/\/oglv-inneringen.de\/index.php?rest_route=%2Fwp%2Fv2%2Fmedia&parent=110"}],"curies":[{"name":"wp","href":"https:\/\/api.w.org\/{rel}","templated":true}]}}