{"id":1051,"date":"2015-01-21T13:15:34","date_gmt":"2015-01-21T11:15:34","guid":{"rendered":"http:\/\/oglv-inneringen.de\/?page_id=1051"},"modified":"2015-01-28T12:18:52","modified_gmt":"2015-01-28T10:18:52","slug":"jahresausflug-nach-bissingen-teck","status":"publish","type":"page","link":"https:\/\/oglv-inneringen.de\/?page_id=1051","title":{"rendered":"Jahresausflug nach Bissingen &#8211; Teck"},"content":{"rendered":"<p><a href=\"https:\/\/oglv-inneringen.de\/wp-content\/uploads\/2015\/01\/DSC_0049.jpg\"><img loading=\"lazy\" decoding=\"async\" class=\"alignnone size-medium wp-image-1072\" src=\"https:\/\/oglv-inneringen.de\/wp-content\/uploads\/2015\/01\/DSC_0049-300x200.jpg\" alt=\"DSC_0049\" width=\"300\" height=\"200\" srcset=\"https:\/\/oglv-inneringen.de\/wp-content\/uploads\/2015\/01\/DSC_0049-300x200.jpg 300w, https:\/\/oglv-inneringen.de\/wp-content\/uploads\/2015\/01\/DSC_0049.jpg 1024w, https:\/\/oglv-inneringen.de\/wp-content\/uploads\/2015\/01\/DSC_0049-624x417.jpg 624w\" sizes=\"auto, (max-width: 300px) 100vw, 300px\" \/><\/a>\u00a0\u00a0\u00a0\u00a0\u00a0 <a href=\"https:\/\/oglv-inneringen.de\/wp-content\/uploads\/2015\/01\/DSC_0044.jpg\"><img loading=\"lazy\" decoding=\"async\" class=\"alignnone size-medium wp-image-1085\" src=\"https:\/\/oglv-inneringen.de\/wp-content\/uploads\/2015\/01\/DSC_0044-200x300.jpg\" alt=\"DSC_0044\" width=\"200\" height=\"300\" srcset=\"https:\/\/oglv-inneringen.de\/wp-content\/uploads\/2015\/01\/DSC_0044-200x300.jpg 200w, https:\/\/oglv-inneringen.de\/wp-content\/uploads\/2015\/01\/DSC_0044.jpg 685w, https:\/\/oglv-inneringen.de\/wp-content\/uploads\/2015\/01\/DSC_0044-624x932.jpg 624w\" sizes=\"auto, (max-width: 200px) 100vw, 200px\" \/><\/a><\/p>\n<p>Unser Jahresausflug f\u00fchrte uns am 05. Juli zuerst ins Obstbaumuseum nach Glems und anschlie\u00dfend in den Bauerngarten der Familie Oelkrug nach Bissingen &#8211; Teck.<\/p>\n<div id=\"attachment_1075\" style=\"width: 310px\" class=\"wp-caption alignnone\"><a href=\"https:\/\/oglv-inneringen.de\/wp-content\/uploads\/2015\/01\/DSC_0001.jpg\"><img loading=\"lazy\" decoding=\"async\" aria-describedby=\"caption-attachment-1075\" class=\"size-medium wp-image-1075\" src=\"https:\/\/oglv-inneringen.de\/wp-content\/uploads\/2015\/01\/DSC_0001-300x200.jpg\" alt=\"das f\u00e4ngt ja schon fr\u00f6hlich an...\" width=\"300\" height=\"200\" srcset=\"https:\/\/oglv-inneringen.de\/wp-content\/uploads\/2015\/01\/DSC_0001-300x200.jpg 300w, https:\/\/oglv-inneringen.de\/wp-content\/uploads\/2015\/01\/DSC_0001.jpg 1024w, https:\/\/oglv-inneringen.de\/wp-content\/uploads\/2015\/01\/DSC_0001-624x417.jpg 624w\" sizes=\"auto, (max-width: 300px) 100vw, 300px\" \/><\/a><p id=\"caption-attachment-1075\" class=\"wp-caption-text\">das f\u00e4ngt ja schon fr\u00f6hlich an&#8230;<\/p><\/div>\n<div id=\"attachment_1076\" style=\"width: 310px\" class=\"wp-caption alignnone\"><a href=\"https:\/\/oglv-inneringen.de\/wp-content\/uploads\/2015\/01\/DSC_00191.jpg\"><img loading=\"lazy\" decoding=\"async\" aria-describedby=\"caption-attachment-1076\" class=\"size-medium wp-image-1076\" src=\"https:\/\/oglv-inneringen.de\/wp-content\/uploads\/2015\/01\/DSC_00191-300x200.jpg\" alt=\"Begr\u00fc\u00dfung vor dem Museum mit Apfelsaft und kaltem Most.\" width=\"300\" height=\"200\" srcset=\"https:\/\/oglv-inneringen.de\/wp-content\/uploads\/2015\/01\/DSC_00191-300x200.jpg 300w, https:\/\/oglv-inneringen.de\/wp-content\/uploads\/2015\/01\/DSC_00191.jpg 1024w, https:\/\/oglv-inneringen.de\/wp-content\/uploads\/2015\/01\/DSC_00191-624x417.jpg 624w\" sizes=\"auto, (max-width: 300px) 100vw, 300px\" \/><\/a><p id=\"caption-attachment-1076\" class=\"wp-caption-text\">Begr\u00fc\u00dfung vor dem Museum mit Apfelsaft und kaltem Most.<\/p><\/div>\n<p><a href=\"https:\/\/oglv-inneringen.de\/wp-content\/uploads\/2015\/01\/DSC_0064.jpg\"><img loading=\"lazy\" decoding=\"async\" class=\"alignnone size-medium wp-image-1077\" src=\"https:\/\/oglv-inneringen.de\/wp-content\/uploads\/2015\/01\/DSC_0064-300x200.jpg\" alt=\"DSC_0064\" width=\"300\" height=\"200\" srcset=\"https:\/\/oglv-inneringen.de\/wp-content\/uploads\/2015\/01\/DSC_0064-300x200.jpg 300w, https:\/\/oglv-inneringen.de\/wp-content\/uploads\/2015\/01\/DSC_0064.jpg 1024w, https:\/\/oglv-inneringen.de\/wp-content\/uploads\/2015\/01\/DSC_0064-624x417.jpg 624w\" sizes=\"auto, (max-width: 300px) 100vw, 300px\" \/><\/a>\u00a0\u00a0\u00a0\u00a0\u00a0\u00a0\u00a0\u00a0 <a href=\"https:\/\/oglv-inneringen.de\/wp-content\/uploads\/2015\/01\/DSC_0090.jpg\"><img loading=\"lazy\" decoding=\"async\" class=\"alignnone size-medium wp-image-1078\" src=\"https:\/\/oglv-inneringen.de\/wp-content\/uploads\/2015\/01\/DSC_0090-200x300.jpg\" alt=\"DSC_0090\" width=\"200\" height=\"300\" srcset=\"https:\/\/oglv-inneringen.de\/wp-content\/uploads\/2015\/01\/DSC_0090-200x300.jpg 200w, https:\/\/oglv-inneringen.de\/wp-content\/uploads\/2015\/01\/DSC_0090.jpg 685w, https:\/\/oglv-inneringen.de\/wp-content\/uploads\/2015\/01\/DSC_0090-624x932.jpg 624w\" sizes=\"auto, (max-width: 200px) 100vw, 200px\" \/><\/a><\/p>\n<p>Gezeigt wurde die Pflege der Best\u00e4nde und die Verarbeitung des Obstes&#8230;<\/p>\n<p><a href=\"https:\/\/oglv-inneringen.de\/wp-content\/uploads\/2015\/01\/DSC_0108.jpg\"><img loading=\"lazy\" decoding=\"async\" class=\"alignnone size-medium wp-image-1080\" src=\"https:\/\/oglv-inneringen.de\/wp-content\/uploads\/2015\/01\/DSC_0108-200x300.jpg\" alt=\"DSC_0108\" width=\"200\" height=\"300\" srcset=\"https:\/\/oglv-inneringen.de\/wp-content\/uploads\/2015\/01\/DSC_0108-200x300.jpg 200w, https:\/\/oglv-inneringen.de\/wp-content\/uploads\/2015\/01\/DSC_0108.jpg 685w, https:\/\/oglv-inneringen.de\/wp-content\/uploads\/2015\/01\/DSC_0108-624x932.jpg 624w\" sizes=\"auto, (max-width: 200px) 100vw, 200px\" \/><\/a>\u00a0\u00a0\u00a0\u00a0\u00a0\u00a0 <a href=\"https:\/\/oglv-inneringen.de\/wp-content\/uploads\/2015\/01\/DSC_0040.jpg\"><img loading=\"lazy\" decoding=\"async\" class=\"alignnone size-medium wp-image-1081\" src=\"https:\/\/oglv-inneringen.de\/wp-content\/uploads\/2015\/01\/DSC_0040-200x300.jpg\" alt=\"DSC_0040\" width=\"200\" height=\"300\" srcset=\"https:\/\/oglv-inneringen.de\/wp-content\/uploads\/2015\/01\/DSC_0040-200x300.jpg 200w, https:\/\/oglv-inneringen.de\/wp-content\/uploads\/2015\/01\/DSC_0040.jpg 685w, https:\/\/oglv-inneringen.de\/wp-content\/uploads\/2015\/01\/DSC_0040-624x932.jpg 624w\" sizes=\"auto, (max-width: 200px) 100vw, 200px\" \/><\/a><\/p>\n<p>&#8230;von anno dazumal bis heute.<\/p>\n<p><a href=\"https:\/\/oglv-inneringen.de\/wp-content\/uploads\/2015\/01\/DSC_0115.jpg\"><img loading=\"lazy\" decoding=\"async\" class=\"alignnone size-medium wp-image-1083\" src=\"https:\/\/oglv-inneringen.de\/wp-content\/uploads\/2015\/01\/DSC_0115-300x200.jpg\" alt=\"DSC_0115\" width=\"300\" height=\"200\" srcset=\"https:\/\/oglv-inneringen.de\/wp-content\/uploads\/2015\/01\/DSC_0115-300x200.jpg 300w, https:\/\/oglv-inneringen.de\/wp-content\/uploads\/2015\/01\/DSC_0115.jpg 1024w, https:\/\/oglv-inneringen.de\/wp-content\/uploads\/2015\/01\/DSC_0115-624x417.jpg 624w\" sizes=\"auto, (max-width: 300px) 100vw, 300px\" \/><\/a>\u00a0\u00a0\u00a0\u00a0\u00a0\u00a0\u00a0\u00a0 <a href=\"https:\/\/oglv-inneringen.de\/wp-content\/uploads\/2015\/01\/DSC_0110.jpg\"><img loading=\"lazy\" decoding=\"async\" class=\"alignnone size-medium wp-image-1086\" src=\"https:\/\/oglv-inneringen.de\/wp-content\/uploads\/2015\/01\/DSC_0110-200x300.jpg\" alt=\"DSC_0110\" width=\"200\" height=\"300\" srcset=\"https:\/\/oglv-inneringen.de\/wp-content\/uploads\/2015\/01\/DSC_0110-200x300.jpg 200w, https:\/\/oglv-inneringen.de\/wp-content\/uploads\/2015\/01\/DSC_0110.jpg 685w, https:\/\/oglv-inneringen.de\/wp-content\/uploads\/2015\/01\/DSC_0110-624x932.jpg 624w\" sizes=\"auto, (max-width: 200px) 100vw, 200px\" \/><\/a><\/p>\n<p>Beim Mittagessen in der Museumsgaststube kam auch die Verk\u00f6stigung der verschiedenen Apfels\u00e4fte und Apfelweine nicht zu kurz.<\/p>\n<p><a href=\"https:\/\/oglv-inneringen.de\/wp-content\/uploads\/2015\/01\/DSC_0123.jpg\"><img loading=\"lazy\" decoding=\"async\" class=\"alignnone size-medium wp-image-1084\" src=\"https:\/\/oglv-inneringen.de\/wp-content\/uploads\/2015\/01\/DSC_0123-300x200.jpg\" alt=\"DSC_0123\" width=\"300\" height=\"200\" srcset=\"https:\/\/oglv-inneringen.de\/wp-content\/uploads\/2015\/01\/DSC_0123-300x200.jpg 300w, https:\/\/oglv-inneringen.de\/wp-content\/uploads\/2015\/01\/DSC_0123.jpg 1024w, https:\/\/oglv-inneringen.de\/wp-content\/uploads\/2015\/01\/DSC_0123-624x417.jpg 624w\" sizes=\"auto, (max-width: 300px) 100vw, 300px\" \/><\/a>\u00a0\u00a0\u00a0\u00a0\u00a0 <a href=\"https:\/\/oglv-inneringen.de\/wp-content\/uploads\/2015\/01\/DSC_0133.jpg\"><img loading=\"lazy\" decoding=\"async\" class=\"alignnone size-medium wp-image-1087\" src=\"https:\/\/oglv-inneringen.de\/wp-content\/uploads\/2015\/01\/DSC_0133-300x200.jpg\" alt=\"DSC_0133\" width=\"300\" height=\"200\" srcset=\"https:\/\/oglv-inneringen.de\/wp-content\/uploads\/2015\/01\/DSC_0133-300x200.jpg 300w, https:\/\/oglv-inneringen.de\/wp-content\/uploads\/2015\/01\/DSC_0133.jpg 1024w, https:\/\/oglv-inneringen.de\/wp-content\/uploads\/2015\/01\/DSC_0133-624x417.jpg 624w\" sizes=\"auto, (max-width: 300px) 100vw, 300px\" \/><\/a><\/p>\n<p>Frisch gest\u00e4rkt ging es dann nach Bissingen &#8211; Teck in den Bibelgarten der Familie Oelkrug.<\/p>\n<p><a href=\"https:\/\/oglv-inneringen.de\/wp-content\/uploads\/2015\/01\/DSC_0139.jpg\"><img loading=\"lazy\" decoding=\"async\" class=\"alignnone size-medium wp-image-1089\" src=\"https:\/\/oglv-inneringen.de\/wp-content\/uploads\/2015\/01\/DSC_0139-200x300.jpg\" alt=\"DSC_0139\" width=\"200\" height=\"300\" srcset=\"https:\/\/oglv-inneringen.de\/wp-content\/uploads\/2015\/01\/DSC_0139-200x300.jpg 200w, https:\/\/oglv-inneringen.de\/wp-content\/uploads\/2015\/01\/DSC_0139.jpg 685w, https:\/\/oglv-inneringen.de\/wp-content\/uploads\/2015\/01\/DSC_0139-624x932.jpg 624w\" sizes=\"auto, (max-width: 200px) 100vw, 200px\" \/><\/a>\u00a0\u00a0\u00a0\u00a0\u00a0\u00a0 <a href=\"https:\/\/oglv-inneringen.de\/wp-content\/uploads\/2015\/01\/DSC_0161.jpg\"><img loading=\"lazy\" decoding=\"async\" class=\"alignnone size-medium wp-image-1091\" src=\"https:\/\/oglv-inneringen.de\/wp-content\/uploads\/2015\/01\/DSC_0161-300x200.jpg\" alt=\"DSC_0161\" width=\"300\" height=\"200\" srcset=\"https:\/\/oglv-inneringen.de\/wp-content\/uploads\/2015\/01\/DSC_0161-300x200.jpg 300w, https:\/\/oglv-inneringen.de\/wp-content\/uploads\/2015\/01\/DSC_0161.jpg 1024w, https:\/\/oglv-inneringen.de\/wp-content\/uploads\/2015\/01\/DSC_0161-624x417.jpg 624w\" sizes=\"auto, (max-width: 300px) 100vw, 300px\" \/><\/a><\/p>\n<p>Ausgefallene T\u00f6pferarbeiten von Frau Oelkrug und besondere Weidengeflechte ihrer Schwiegertochter bereichern den pr\u00e4chtigen Staudengarten.<\/p>\n<p><a href=\"https:\/\/oglv-inneringen.de\/wp-content\/uploads\/2015\/01\/DSC_0179.jpg\"><img loading=\"lazy\" decoding=\"async\" class=\"alignnone size-medium wp-image-1095\" src=\"https:\/\/oglv-inneringen.de\/wp-content\/uploads\/2015\/01\/DSC_0179-300x200.jpg\" alt=\"DSC_0179\" width=\"300\" height=\"200\" srcset=\"https:\/\/oglv-inneringen.de\/wp-content\/uploads\/2015\/01\/DSC_0179-300x200.jpg 300w, https:\/\/oglv-inneringen.de\/wp-content\/uploads\/2015\/01\/DSC_0179.jpg 1024w, https:\/\/oglv-inneringen.de\/wp-content\/uploads\/2015\/01\/DSC_0179-624x417.jpg 624w\" sizes=\"auto, (max-width: 300px) 100vw, 300px\" \/><\/a>\u00a0\u00a0\u00a0\u00a0 <a href=\"https:\/\/oglv-inneringen.de\/wp-content\/uploads\/2015\/01\/DSC_0178.jpg\"><img loading=\"lazy\" decoding=\"async\" class=\"alignnone size-medium wp-image-1094\" src=\"https:\/\/oglv-inneringen.de\/wp-content\/uploads\/2015\/01\/DSC_0178-200x300.jpg\" alt=\"DSC_0178\" width=\"200\" height=\"300\" srcset=\"https:\/\/oglv-inneringen.de\/wp-content\/uploads\/2015\/01\/DSC_0178-200x300.jpg 200w, https:\/\/oglv-inneringen.de\/wp-content\/uploads\/2015\/01\/DSC_0178.jpg 685w, https:\/\/oglv-inneringen.de\/wp-content\/uploads\/2015\/01\/DSC_0178-624x932.jpg 624w\" sizes=\"auto, (max-width: 200px) 100vw, 200px\" \/><\/a><\/p>\n<p><a href=\"https:\/\/oglv-inneringen.de\/wp-content\/uploads\/2015\/01\/DSC_0163.jpg\"><img loading=\"lazy\" decoding=\"async\" class=\"alignnone size-medium wp-image-1092\" src=\"https:\/\/oglv-inneringen.de\/wp-content\/uploads\/2015\/01\/DSC_0163-300x200.jpg\" alt=\"DSC_0163\" width=\"300\" height=\"200\" srcset=\"https:\/\/oglv-inneringen.de\/wp-content\/uploads\/2015\/01\/DSC_0163-300x200.jpg 300w, https:\/\/oglv-inneringen.de\/wp-content\/uploads\/2015\/01\/DSC_0163.jpg 1024w, https:\/\/oglv-inneringen.de\/wp-content\/uploads\/2015\/01\/DSC_0163-624x417.jpg 624w\" sizes=\"auto, (max-width: 300px) 100vw, 300px\" \/><\/a>\u00a0\u00a0\u00a0\u00a0 <a href=\"https:\/\/oglv-inneringen.de\/wp-content\/uploads\/2015\/01\/DSC_0137.jpg\"><img loading=\"lazy\" decoding=\"async\" class=\"alignnone size-medium wp-image-1088\" src=\"https:\/\/oglv-inneringen.de\/wp-content\/uploads\/2015\/01\/DSC_0137-200x300.jpg\" alt=\"DSC_0137\" width=\"200\" height=\"300\" srcset=\"https:\/\/oglv-inneringen.de\/wp-content\/uploads\/2015\/01\/DSC_0137-200x300.jpg 200w, https:\/\/oglv-inneringen.de\/wp-content\/uploads\/2015\/01\/DSC_0137.jpg 685w, https:\/\/oglv-inneringen.de\/wp-content\/uploads\/2015\/01\/DSC_0137-624x932.jpg 624w\" sizes=\"auto, (max-width: 200px) 100vw, 200px\" \/><\/a><\/p>\n<p>Kleine Holzstege \u00fcber den nat\u00fcrlichen Wasserlauf und verschlungene Wege laden die Besucher zum Verweilen und Genie\u00dfen ein.<\/p>\n<p><a href=\"https:\/\/oglv-inneringen.de\/wp-content\/uploads\/2015\/01\/DSC_0165.jpg\"><img loading=\"lazy\" decoding=\"async\" class=\"alignnone size-medium wp-image-1093\" src=\"https:\/\/oglv-inneringen.de\/wp-content\/uploads\/2015\/01\/DSC_0165-300x200.jpg\" alt=\"DSC_0165\" width=\"300\" height=\"200\" srcset=\"https:\/\/oglv-inneringen.de\/wp-content\/uploads\/2015\/01\/DSC_0165-300x200.jpg 300w, https:\/\/oglv-inneringen.de\/wp-content\/uploads\/2015\/01\/DSC_0165.jpg 1024w, https:\/\/oglv-inneringen.de\/wp-content\/uploads\/2015\/01\/DSC_0165-624x417.jpg 624w\" sizes=\"auto, (max-width: 300px) 100vw, 300px\" \/><\/a><\/p>\n<p>Frau Oelkrugs\u00a0Fachwissen\u00a0und die Freude an ihrem Garten begeisterte alle Zuh\u00f6rer und machte diese F\u00fchrung zu einem\u00a0besonderen Erlebnis.<\/p>\n<p><a href=\"https:\/\/oglv-inneringen.de\/wp-content\/uploads\/2015\/01\/DSC_0186.jpg\"><img loading=\"lazy\" decoding=\"async\" class=\"alignnone size-medium wp-image-1096\" src=\"https:\/\/oglv-inneringen.de\/wp-content\/uploads\/2015\/01\/DSC_0186-300x200.jpg\" alt=\"DSC_0186\" width=\"300\" height=\"200\" srcset=\"https:\/\/oglv-inneringen.de\/wp-content\/uploads\/2015\/01\/DSC_0186-300x200.jpg 300w, https:\/\/oglv-inneringen.de\/wp-content\/uploads\/2015\/01\/DSC_0186.jpg 1024w, https:\/\/oglv-inneringen.de\/wp-content\/uploads\/2015\/01\/DSC_0186-624x417.jpg 624w\" sizes=\"auto, (max-width: 300px) 100vw, 300px\" \/><\/a><\/p>\n<p>Mit der abschlie\u00dfenden Einkehr im Gasthof Br\u00e4uhaus in Trochtelfingen ging ein interessanter Tag zu Ende.<\/p>\n","protected":false},"excerpt":{"rendered":"<p>\u00a0\u00a0\u00a0\u00a0\u00a0 Unser Jahresausflug f\u00fchrte uns am 05. Juli zuerst ins Obstbaumuseum nach Glems und anschlie\u00dfend in den Bauerngarten der Familie Oelkrug nach Bissingen &#8211; Teck. \u00a0\u00a0\u00a0\u00a0\u00a0\u00a0\u00a0\u00a0 Gezeigt wurde die Pflege der Best\u00e4nde und die Verarbeitung des Obstes&#8230; \u00a0\u00a0\u00a0\u00a0\u00a0\u00a0 &#8230;von anno dazumal bis heute. \u00a0\u00a0\u00a0\u00a0\u00a0\u00a0\u00a0\u00a0 Beim Mittagessen in der Museumsgaststube kam auch die Verk\u00f6stigung der verschiedenen [&hellip;]<\/p>\n","protected":false},"author":2,"featured_media":0,"parent":930,"menu_order":20,"comment_status":"open","ping_status":"open","template":"","meta":{"ngg_post_thumbnail":0,"footnotes":""},"class_list":["post-1051","page","type-page","status-publish","hentry"],"_links":{"self":[{"href":"https:\/\/oglv-inneringen.de\/index.php?rest_route=\/wp\/v2\/pages\/1051","targetHints":{"allow":["GET"]}}],"collection":[{"href":"https:\/\/oglv-inneringen.de\/index.php?rest_route=\/wp\/v2\/pages"}],"about":[{"href":"https:\/\/oglv-inneringen.de\/index.php?rest_route=\/wp\/v2\/types\/page"}],"author":[{"embeddable":true,"href":"https:\/\/oglv-inneringen.de\/index.php?rest_route=\/wp\/v2\/users\/2"}],"replies":[{"embeddable":true,"href":"https:\/\/oglv-inneringen.de\/index.php?rest_route=%2Fwp%2Fv2%2Fcomments&post=1051"}],"version-history":[{"count":5,"href":"https:\/\/oglv-inneringen.de\/index.php?rest_route=\/wp\/v2\/pages\/1051\/revisions"}],"predecessor-version":[{"id":1097,"href":"https:\/\/oglv-inneringen.de\/index.php?rest_route=\/wp\/v2\/pages\/1051\/revisions\/1097"}],"up":[{"embeddable":true,"href":"https:\/\/oglv-inneringen.de\/index.php?rest_route=\/wp\/v2\/pages\/930"}],"wp:attachment":[{"href":"https:\/\/oglv-inneringen.de\/index.php?rest_route=%2Fwp%2Fv2%2Fmedia&parent=1051"}],"curies":[{"name":"wp","href":"https:\/\/api.w.org\/{rel}","templated":true}]}}